{"id":31455,"date":"2026-02-24T11:03:04","date_gmt":"2026-02-24T10:03:04","guid":{"rendered":"https:\/\/imprimeideas.es\/?post_type=product&p=31455"},"modified":"2026-02-26T18:42:33","modified_gmt":"2026-02-26T17:42:33","slug":"set-figgy","status":"publish","type":"product","link":"https:\/\/imprimeideas.es\/en\/product\/set-figgy\/","title":{"rendered":"Set Figgy"},"content":{"rendered":"<p>Set de 8 piezas en caja de cart\u00f3n de acabado natural con ventana. Incluye bloc con dibujos para colorear, sacapuntas y 6 l\u00e1pices de madera con cuerpo cil\u00edndrico y minas en variados colores.<\/p>","protected":false},"excerpt":{"rendered":"<p>8 Piezas. Bloc 20 Hojas<\/p>","protected":false},"featured_media":32784,"comment_status":"open","ping_status":"open","template":"","meta":{"inline_featured_image":false},"product_brand":[],"product_cat":[122,108],"product_tag":[],"class_list":{"0":"post-31455","1":"product","2":"type-product","3":"status-publish","4":"has-post-thumbnail","6":"product_cat-articulos-sostenibles","7":"product_cat-infantil","9":"first","10":"instock","11":"taxable","12":"shipping-taxable","13":"purchasable","14":"product-type-variable","15":"has-default-attributes"},"aioseo_notices":[],"_links":{"self":[{"href":"https:\/\/imprimeideas.es\/en\/wp-json\/wp\/v2\/product\/31455","targetHints":{"allow":["GET"]}}],"collection":[{"href":"https:\/\/imprimeideas.es\/en\/wp-json\/wp\/v2\/product"}],"about":[{"href":"https:\/\/imprimeideas.es\/en\/wp-json\/wp\/v2\/types\/product"}],"replies":[{"embeddable":true,"href":"https:\/\/imprimeideas.es\/en\/wp-json\/wp\/v2\/comments?post=31455"}],"version-history":[{"count":1,"href":"https:\/\/imprimeideas.es\/en\/wp-json\/wp\/v2\/product\/31455\/revisions"}],"predecessor-version":[{"id":59440,"href":"https:\/\/imprimeideas.es\/en\/wp-json\/wp\/v2\/product\/31455\/revisions\/59440"}],"wp:featuredmedia":[{"embeddable":true,"href":"https:\/\/imprimeideas.es\/en\/wp-json\/wp\/v2\/media\/32784"}],"wp:attachment":[{"href":"https:\/\/imprimeideas.es\/en\/wp-json\/wp\/v2\/media?parent=31455"}],"wp:term":[{"taxonomy":"product_brand","embeddable":true,"href":"https:\/\/imprimeideas.es\/en\/wp-json\/wp\/v2\/product_brand?post=31455"},{"taxonomy":"product_cat","embeddable":true,"href":"https:\/\/imprimeideas.es\/en\/wp-json\/wp\/v2\/product_cat?post=31455"},{"taxonomy":"product_tag","embeddable":true,"href":"https:\/\/imprimeideas.es\/en\/wp-json\/wp\/v2\/product_tag?post=31455"}],"curies":[{"name":"wp","href":"https:\/\/api.w.org\/{rel}","templated":true}]}}