{"id":31436,"date":"2026-02-24T11:03:03","date_gmt":"2026-02-24T10:03:03","guid":{"rendered":"https:\/\/imprimeideas.es\/?post_type=product&p=31436"},"modified":"2026-02-26T18:03:04","modified_gmt":"2026-02-26T17:03:04","slug":"llavero-dagor","status":"publish","type":"product","link":"https:\/\/imprimeideas.es\/en\/product\/llavero-dagor\/","title":{"rendered":"Llavero Dagor"},"content":{"rendered":"<p>Llavero de divertido dise\u00f1o con cinta de poli\u00e9ster de variados y vivos colores. Con cuerpo met\u00e1lico troquelado especialmente dise\u00f1ado para marcaje en doming\/gota de resina.<\/p>","protected":false},"excerpt":{"rendered":"<p>Llavero de divertido dise\u00f1o con cinta de poli\u00e9ster de variados y vivos colores. Con cuerpo met\u00e1lico troquelado especialmente dise\u00f1ado para<\/p>","protected":false},"featured_media":78567,"comment_status":"open","ping_status":"open","template":"","meta":{"inline_featured_image":false},"product_brand":[],"product_cat":[106],"product_tag":[],"class_list":{"0":"post-31436","1":"product","2":"type-product","3":"status-publish","4":"has-post-thumbnail","6":"product_cat-regalos-y-premiums","8":"first","9":"instock","10":"taxable","11":"shipping-taxable","12":"purchasable","13":"product-type-variable","14":"has-default-attributes"},"aioseo_notices":[],"_links":{"self":[{"href":"https:\/\/imprimeideas.es\/en\/wp-json\/wp\/v2\/product\/31436","targetHints":{"allow":["GET"]}}],"collection":[{"href":"https:\/\/imprimeideas.es\/en\/wp-json\/wp\/v2\/product"}],"about":[{"href":"https:\/\/imprimeideas.es\/en\/wp-json\/wp\/v2\/types\/product"}],"replies":[{"embeddable":true,"href":"https:\/\/imprimeideas.es\/en\/wp-json\/wp\/v2\/comments?post=31436"}],"version-history":[{"count":1,"href":"https:\/\/imprimeideas.es\/en\/wp-json\/wp\/v2\/product\/31436\/revisions"}],"predecessor-version":[{"id":59437,"href":"https:\/\/imprimeideas.es\/en\/wp-json\/wp\/v2\/product\/31436\/revisions\/59437"}],"wp:featuredmedia":[{"embeddable":true,"href":"https:\/\/imprimeideas.es\/en\/wp-json\/wp\/v2\/media\/78567"}],"wp:attachment":[{"href":"https:\/\/imprimeideas.es\/en\/wp-json\/wp\/v2\/media?parent=31436"}],"wp:term":[{"taxonomy":"product_brand","embeddable":true,"href":"https:\/\/imprimeideas.es\/en\/wp-json\/wp\/v2\/product_brand?post=31436"},{"taxonomy":"product_cat","embeddable":true,"href":"https:\/\/imprimeideas.es\/en\/wp-json\/wp\/v2\/product_cat?post=31436"},{"taxonomy":"product_tag","embeddable":true,"href":"https:\/\/imprimeideas.es\/en\/wp-json\/wp\/v2\/product_tag?post=31436"}],"curies":[{"name":"wp","href":"https:\/\/api.w.org\/{rel}","templated":true}]}}