{"id":31430,"date":"2026-02-24T11:03:02","date_gmt":"2026-02-24T10:03:02","guid":{"rendered":"https:\/\/imprimeideas.es\/?post_type=product&p=31430"},"modified":"2026-02-26T18:37:33","modified_gmt":"2026-02-26T17:37:33","slug":"brujula-clark","status":"publish","type":"product","link":"https:\/\/imprimeideas.es\/en\/product\/brujula-clark\/","title":{"rendered":"Br\u00fajula Clark"},"content":{"rendered":"<p>Br\u00fajula mosquet\u00f3n en vivos colores con cuerpo de suave y resistente acabado.<\/p>","protected":false},"excerpt":{"rendered":"<p>Br\u00fajula mosquet\u00f3n en vivos colores con cuerpo de suave y resistente acabado.<\/p>","protected":false},"featured_media":70464,"comment_status":"open","ping_status":"open","template":"","meta":{"inline_featured_image":false},"product_brand":[],"product_cat":[101,102],"product_tag":[],"class_list":{"0":"post-31430","1":"product","2":"type-product","3":"status-publish","4":"has-post-thumbnail","6":"product_cat-deporte-y-aventura","7":"product_cat-ocio-y-tiempo-libre","9":"first","10":"instock","11":"taxable","12":"shipping-taxable","13":"purchasable","14":"product-type-variable","15":"has-default-attributes"},"aioseo_notices":[],"_links":{"self":[{"href":"https:\/\/imprimeideas.es\/en\/wp-json\/wp\/v2\/product\/31430","targetHints":{"allow":["GET"]}}],"collection":[{"href":"https:\/\/imprimeideas.es\/en\/wp-json\/wp\/v2\/product"}],"about":[{"href":"https:\/\/imprimeideas.es\/en\/wp-json\/wp\/v2\/types\/product"}],"replies":[{"embeddable":true,"href":"https:\/\/imprimeideas.es\/en\/wp-json\/wp\/v2\/comments?post=31430"}],"version-history":[{"count":1,"href":"https:\/\/imprimeideas.es\/en\/wp-json\/wp\/v2\/product\/31430\/revisions"}],"predecessor-version":[{"id":59436,"href":"https:\/\/imprimeideas.es\/en\/wp-json\/wp\/v2\/product\/31430\/revisions\/59436"}],"wp:featuredmedia":[{"embeddable":true,"href":"https:\/\/imprimeideas.es\/en\/wp-json\/wp\/v2\/media\/70464"}],"wp:attachment":[{"href":"https:\/\/imprimeideas.es\/en\/wp-json\/wp\/v2\/media?parent=31430"}],"wp:term":[{"taxonomy":"product_brand","embeddable":true,"href":"https:\/\/imprimeideas.es\/en\/wp-json\/wp\/v2\/product_brand?post=31430"},{"taxonomy":"product_cat","embeddable":true,"href":"https:\/\/imprimeideas.es\/en\/wp-json\/wp\/v2\/product_cat?post=31430"},{"taxonomy":"product_tag","embeddable":true,"href":"https:\/\/imprimeideas.es\/en\/wp-json\/wp\/v2\/product_tag?post=31430"}],"curies":[{"name":"wp","href":"https:\/\/api.w.org\/{rel}","templated":true}]}}