{"id":31411,"date":"2026-02-24T11:02:52","date_gmt":"2026-02-24T10:02:52","guid":{"rendered":"https:\/\/imprimeideas.es\/?post_type=product&p=31411"},"modified":"2026-02-26T18:42:34","modified_gmt":"2026-02-26T17:42:34","slug":"bascula-equipaje-blanax","status":"publish","type":"product","link":"https:\/\/imprimeideas.es\/en\/product\/bascula-equipaje-blanax\/","title":{"rendered":"B\u00e1scula Equipaje Blanax"},"content":{"rendered":"<p>Pr\u00e1ctica b\u00e1scula digital para equipaje en vivos colores. Con pila de bot\u00f3n incluida y peso m\u00e1ximo de 40kg.<\/p>","protected":false},"excerpt":{"rendered":"<p>Max 40 Kg. Pila Bot\u00f3n Incluida<\/p>","protected":false},"featured_media":73711,"comment_status":"open","ping_status":"open","template":"","meta":{"inline_featured_image":false},"product_brand":[],"product_cat":[103],"product_tag":[],"class_list":{"0":"post-31411","1":"product","2":"type-product","3":"status-publish","4":"has-post-thumbnail","6":"product_cat-viaje","8":"first","9":"instock","10":"taxable","11":"shipping-taxable","12":"purchasable","13":"product-type-variable","14":"has-default-attributes"},"aioseo_notices":[],"_links":{"self":[{"href":"https:\/\/imprimeideas.es\/en\/wp-json\/wp\/v2\/product\/31411","targetHints":{"allow":["GET"]}}],"collection":[{"href":"https:\/\/imprimeideas.es\/en\/wp-json\/wp\/v2\/product"}],"about":[{"href":"https:\/\/imprimeideas.es\/en\/wp-json\/wp\/v2\/types\/product"}],"replies":[{"embeddable":true,"href":"https:\/\/imprimeideas.es\/en\/wp-json\/wp\/v2\/comments?post=31411"}],"version-history":[{"count":1,"href":"https:\/\/imprimeideas.es\/en\/wp-json\/wp\/v2\/product\/31411\/revisions"}],"predecessor-version":[{"id":59433,"href":"https:\/\/imprimeideas.es\/en\/wp-json\/wp\/v2\/product\/31411\/revisions\/59433"}],"wp:featuredmedia":[{"embeddable":true,"href":"https:\/\/imprimeideas.es\/en\/wp-json\/wp\/v2\/media\/73711"}],"wp:attachment":[{"href":"https:\/\/imprimeideas.es\/en\/wp-json\/wp\/v2\/media?parent=31411"}],"wp:term":[{"taxonomy":"product_brand","embeddable":true,"href":"https:\/\/imprimeideas.es\/en\/wp-json\/wp\/v2\/product_brand?post=31411"},{"taxonomy":"product_cat","embeddable":true,"href":"https:\/\/imprimeideas.es\/en\/wp-json\/wp\/v2\/product_cat?post=31411"},{"taxonomy":"product_tag","embeddable":true,"href":"https:\/\/imprimeideas.es\/en\/wp-json\/wp\/v2\/product_tag?post=31411"}],"curies":[{"name":"wp","href":"https:\/\/api.w.org\/{rel}","templated":true}]}}