{"id":31377,"date":"2026-02-24T11:02:50","date_gmt":"2026-02-24T10:02:50","guid":{"rendered":"https:\/\/imprimeideas.es\/?post_type=product&p=31377"},"modified":"2026-02-26T18:42:35","modified_gmt":"2026-02-26T17:42:35","slug":"boligrafo-puntero-lantey","status":"publish","type":"product","link":"https:\/\/imprimeideas.es\/en\/product\/boligrafo-puntero-lantey\/","title":{"rendered":"Bol\u00edgrafo Puntero Lantey"},"content":{"rendered":"<p>Bol\u00edgrafo puntero de Alexluca de mecanismo giratorio con suave cuerpo met\u00e1lico, de elegante combinaci\u00f3n de colores en plateado y negro. Clip y empu\u00f1adura de dise\u00f1o a juego. Presentado en estuche individual negro con logotipo de la marca. Tinta azul.<\/p>","protected":false},"excerpt":{"rendered":"<p>Bol\u00edgrafo puntero de Alexluca de mecanismo giratorio con suave cuerpo met\u00e1lico, de elegante combinaci\u00f3n de colores en plateado y negro.<\/p>","protected":false},"featured_media":83924,"comment_status":"open","ping_status":"open","template":"","meta":{"inline_featured_image":false},"product_brand":[2026],"product_cat":[100,121],"product_tag":[],"class_list":{"0":"post-31377","1":"product","2":"type-product","3":"status-publish","4":"has-post-thumbnail","6":"product_brand-alexluca","7":"product_cat-escritura","8":"product_cat-marcas","10":"first","11":"instock","12":"taxable","13":"shipping-taxable","14":"purchasable","15":"product-type-variable","16":"has-default-attributes"},"aioseo_notices":[],"_links":{"self":[{"href":"https:\/\/imprimeideas.es\/en\/wp-json\/wp\/v2\/product\/31377","targetHints":{"allow":["GET"]}}],"collection":[{"href":"https:\/\/imprimeideas.es\/en\/wp-json\/wp\/v2\/product"}],"about":[{"href":"https:\/\/imprimeideas.es\/en\/wp-json\/wp\/v2\/types\/product"}],"replies":[{"embeddable":true,"href":"https:\/\/imprimeideas.es\/en\/wp-json\/wp\/v2\/comments?post=31377"}],"version-history":[{"count":1,"href":"https:\/\/imprimeideas.es\/en\/wp-json\/wp\/v2\/product\/31377\/revisions"}],"predecessor-version":[{"id":59426,"href":"https:\/\/imprimeideas.es\/en\/wp-json\/wp\/v2\/product\/31377\/revisions\/59426"}],"wp:featuredmedia":[{"embeddable":true,"href":"https:\/\/imprimeideas.es\/en\/wp-json\/wp\/v2\/media\/83924"}],"wp:attachment":[{"href":"https:\/\/imprimeideas.es\/en\/wp-json\/wp\/v2\/media?parent=31377"}],"wp:term":[{"taxonomy":"product_brand","embeddable":true,"href":"https:\/\/imprimeideas.es\/en\/wp-json\/wp\/v2\/product_brand?post=31377"},{"taxonomy":"product_cat","embeddable":true,"href":"https:\/\/imprimeideas.es\/en\/wp-json\/wp\/v2\/product_cat?post=31377"},{"taxonomy":"product_tag","embeddable":true,"href":"https:\/\/imprimeideas.es\/en\/wp-json\/wp\/v2\/product_tag?post=31377"}],"curies":[{"name":"wp","href":"https:\/\/api.w.org\/{rel}","templated":true}]}}