{"id":31370,"date":"2026-02-24T11:02:49","date_gmt":"2026-02-24T10:02:49","guid":{"rendered":"https:\/\/imprimeideas.es\/?post_type=product&p=31370"},"modified":"2026-02-25T15:48:21","modified_gmt":"2026-02-25T14:48:21","slug":"boligrafo-puntero-globix","status":"publish","type":"product","link":"https:\/\/imprimeideas.es\/en\/product\/boligrafo-puntero-globix\/","title":{"rendered":"Bol\u00edgrafo Puntero Globix"},"content":{"rendered":"<p>Original bol\u00edgrafo puntero de mecanismo giratorio con divertido l\u00edquido burbujeante en parte superior. Cuerpo met\u00e1lico en suave acabado de vivos colores y accesorios en color plateado brillante. En tinta azul.<\/p>","protected":false},"excerpt":{"rendered":"<p>Original bol\u00edgrafo puntero de mecanismo giratorio con divertido l\u00edquido burbujeante en parte superior. Cuerpo met\u00e1lico en suave acabado de vivos<\/p>","protected":false},"featured_media":82066,"comment_status":"open","ping_status":"open","template":"","meta":{"inline_featured_image":false},"product_brand":[],"product_cat":[100,119,128],"product_tag":[],"class_list":{"0":"post-31370","1":"product","2":"type-product","3":"status-publish","4":"has-post-thumbnail","6":"product_cat-escritura","7":"product_cat-mujer","8":"product_cat-outlet","10":"first","11":"outofstock","12":"taxable","13":"shipping-taxable","14":"purchasable","15":"product-type-variable","16":"has-default-attributes"},"aioseo_notices":[],"_links":{"self":[{"href":"https:\/\/imprimeideas.es\/en\/wp-json\/wp\/v2\/product\/31370","targetHints":{"allow":["GET"]}}],"collection":[{"href":"https:\/\/imprimeideas.es\/en\/wp-json\/wp\/v2\/product"}],"about":[{"href":"https:\/\/imprimeideas.es\/en\/wp-json\/wp\/v2\/types\/product"}],"replies":[{"embeddable":true,"href":"https:\/\/imprimeideas.es\/en\/wp-json\/wp\/v2\/comments?post=31370"}],"version-history":[{"count":1,"href":"https:\/\/imprimeideas.es\/en\/wp-json\/wp\/v2\/product\/31370\/revisions"}],"predecessor-version":[{"id":59424,"href":"https:\/\/imprimeideas.es\/en\/wp-json\/wp\/v2\/product\/31370\/revisions\/59424"}],"wp:featuredmedia":[{"embeddable":true,"href":"https:\/\/imprimeideas.es\/en\/wp-json\/wp\/v2\/media\/82066"}],"wp:attachment":[{"href":"https:\/\/imprimeideas.es\/en\/wp-json\/wp\/v2\/media?parent=31370"}],"wp:term":[{"taxonomy":"product_brand","embeddable":true,"href":"https:\/\/imprimeideas.es\/en\/wp-json\/wp\/v2\/product_brand?post=31370"},{"taxonomy":"product_cat","embeddable":true,"href":"https:\/\/imprimeideas.es\/en\/wp-json\/wp\/v2\/product_cat?post=31370"},{"taxonomy":"product_tag","embeddable":true,"href":"https:\/\/imprimeideas.es\/en\/wp-json\/wp\/v2\/product_tag?post=31370"}],"curies":[{"name":"wp","href":"https:\/\/api.w.org\/{rel}","templated":true}]}}