{"id":31360,"date":"2026-02-24T11:02:49","date_gmt":"2026-02-24T10:02:49","guid":{"rendered":"https:\/\/imprimeideas.es\/?post_type=product&p=31360"},"modified":"2026-02-26T18:37:38","modified_gmt":"2026-02-26T17:37:38","slug":"boligrafo-multifuncion-sauris","status":"publish","type":"product","link":"https:\/\/imprimeideas.es\/en\/product\/boligrafo-multifuncion-sauris\/","title":{"rendered":"Bol\u00edgrafo Multifunci\u00f3n Sauris"},"content":{"rendered":"<p>Bol\u00edgrafo multiherramienta 4 en 1 de mecanismo giratorio, en variados colores y con suave empu\u00f1adura. Con nivel integrado en cuerpo, regla con sistema m\u00e9trico en cent\u00edmetros\/pulgadas y destornillador de doble cabeza -plana y de estrella-. Con clip met\u00e1lico y tinta azul.<\/p>","protected":false},"excerpt":{"rendered":"<p>1 Accesorio. 5 Funciones<\/p>","protected":false},"featured_media":69128,"comment_status":"open","ping_status":"open","template":"","meta":{"inline_featured_image":false},"product_brand":[],"product_cat":[100,110],"product_tag":[],"class_list":{"0":"post-31360","1":"product","2":"type-product","3":"status-publish","4":"has-post-thumbnail","6":"product_cat-escritura","7":"product_cat-herramientas-brico-y-automovil","9":"first","10":"instock","11":"taxable","12":"shipping-taxable","13":"purchasable","14":"product-type-variable","15":"has-default-attributes"},"aioseo_notices":[],"_links":{"self":[{"href":"https:\/\/imprimeideas.es\/en\/wp-json\/wp\/v2\/product\/31360","targetHints":{"allow":["GET"]}}],"collection":[{"href":"https:\/\/imprimeideas.es\/en\/wp-json\/wp\/v2\/product"}],"about":[{"href":"https:\/\/imprimeideas.es\/en\/wp-json\/wp\/v2\/types\/product"}],"replies":[{"embeddable":true,"href":"https:\/\/imprimeideas.es\/en\/wp-json\/wp\/v2\/comments?post=31360"}],"version-history":[{"count":1,"href":"https:\/\/imprimeideas.es\/en\/wp-json\/wp\/v2\/product\/31360\/revisions"}],"predecessor-version":[{"id":59422,"href":"https:\/\/imprimeideas.es\/en\/wp-json\/wp\/v2\/product\/31360\/revisions\/59422"}],"wp:featuredmedia":[{"embeddable":true,"href":"https:\/\/imprimeideas.es\/en\/wp-json\/wp\/v2\/media\/69128"}],"wp:attachment":[{"href":"https:\/\/imprimeideas.es\/en\/wp-json\/wp\/v2\/media?parent=31360"}],"wp:term":[{"taxonomy":"product_brand","embeddable":true,"href":"https:\/\/imprimeideas.es\/en\/wp-json\/wp\/v2\/product_brand?post=31360"},{"taxonomy":"product_cat","embeddable":true,"href":"https:\/\/imprimeideas.es\/en\/wp-json\/wp\/v2\/product_cat?post=31360"},{"taxonomy":"product_tag","embeddable":true,"href":"https:\/\/imprimeideas.es\/en\/wp-json\/wp\/v2\/product_tag?post=31360"}],"curies":[{"name":"wp","href":"https:\/\/api.w.org\/{rel}","templated":true}]}}