{"id":31309,"date":"2026-02-24T11:02:45","date_gmt":"2026-02-24T10:02:45","guid":{"rendered":"https:\/\/imprimeideas.es\/?post_type=product&p=31309"},"modified":"2026-02-26T18:08:17","modified_gmt":"2026-02-26T17:08:17","slug":"boligrafo-elky","status":"publish","type":"product","link":"https:\/\/imprimeideas.es\/en\/product\/boligrafo-elky\/","title":{"rendered":"Bol\u00edgrafo Elky"},"content":{"rendered":"<p>Bol\u00edgrafo de capucha de dise\u00f1o bicolor cl\u00e1sico con cuerpo de suave acabado en blanco transl\u00facido y accesorios en vivos colores. Tinta azul.<\/p>","protected":false},"excerpt":{"rendered":"<p>Bol\u00edgrafo de capucha de dise\u00f1o bicolor cl\u00e1sico con cuerpo de suave acabado en blanco transl\u00facido y accesorios en vivos colores.<\/p>","protected":false},"featured_media":75532,"comment_status":"open","ping_status":"open","template":"","meta":{"inline_featured_image":false},"product_brand":[],"product_cat":[100],"product_tag":[],"class_list":{"0":"post-31309","1":"product","2":"type-product","3":"status-publish","4":"has-post-thumbnail","6":"product_cat-escritura","8":"first","9":"instock","10":"taxable","11":"shipping-taxable","12":"purchasable","13":"product-type-variable","14":"has-default-attributes"},"aioseo_notices":[],"_links":{"self":[{"href":"https:\/\/imprimeideas.es\/en\/wp-json\/wp\/v2\/product\/31309","targetHints":{"allow":["GET"]}}],"collection":[{"href":"https:\/\/imprimeideas.es\/en\/wp-json\/wp\/v2\/product"}],"about":[{"href":"https:\/\/imprimeideas.es\/en\/wp-json\/wp\/v2\/types\/product"}],"replies":[{"embeddable":true,"href":"https:\/\/imprimeideas.es\/en\/wp-json\/wp\/v2\/comments?post=31309"}],"version-history":[{"count":1,"href":"https:\/\/imprimeideas.es\/en\/wp-json\/wp\/v2\/product\/31309\/revisions"}],"predecessor-version":[{"id":59410,"href":"https:\/\/imprimeideas.es\/en\/wp-json\/wp\/v2\/product\/31309\/revisions\/59410"}],"wp:featuredmedia":[{"embeddable":true,"href":"https:\/\/imprimeideas.es\/en\/wp-json\/wp\/v2\/media\/75532"}],"wp:attachment":[{"href":"https:\/\/imprimeideas.es\/en\/wp-json\/wp\/v2\/media?parent=31309"}],"wp:term":[{"taxonomy":"product_brand","embeddable":true,"href":"https:\/\/imprimeideas.es\/en\/wp-json\/wp\/v2\/product_brand?post=31309"},{"taxonomy":"product_cat","embeddable":true,"href":"https:\/\/imprimeideas.es\/en\/wp-json\/wp\/v2\/product_cat?post=31309"},{"taxonomy":"product_tag","embeddable":true,"href":"https:\/\/imprimeideas.es\/en\/wp-json\/wp\/v2\/product_tag?post=31309"}],"curies":[{"name":"wp","href":"https:\/\/api.w.org\/{rel}","templated":true}]}}