{"id":31303,"date":"2026-02-24T11:02:45","date_gmt":"2026-02-24T10:02:45","guid":{"rendered":"https:\/\/imprimeideas.es\/?post_type=product&p=31303"},"modified":"2026-02-26T18:28:07","modified_gmt":"2026-02-26T17:28:07","slug":"set-lumix","status":"publish","type":"product","link":"https:\/\/imprimeideas.es\/en\/product\/set-lumix\/","title":{"rendered":"Set Lumix"},"content":{"rendered":"<p>Elegante set de bol\u00edgrafo de mecanismo giratorio y roller de capucha en sobrio dise\u00f1o. De cuerpo de aluminio en suave acabado con accesorios en colores plateados. Presentado en estuche individual de cart\u00f3n con funda en color negro. Bol\u00edgrafo con cartucho jumbo. En tinta azul.<\/p>","protected":false},"excerpt":{"rendered":"<p>Bol\u00edgrafo y Roller. Carga Jumbo<\/p>","protected":false},"featured_media":81353,"comment_status":"open","ping_status":"open","template":"","meta":{"inline_featured_image":false},"product_brand":[],"product_cat":[100],"product_tag":[],"class_list":{"0":"post-31303","1":"product","2":"type-product","3":"status-publish","4":"has-post-thumbnail","6":"product_cat-escritura","8":"first","9":"instock","10":"taxable","11":"shipping-taxable","12":"purchasable","13":"product-type-variable","14":"has-default-attributes"},"aioseo_notices":[],"_links":{"self":[{"href":"https:\/\/imprimeideas.es\/en\/wp-json\/wp\/v2\/product\/31303","targetHints":{"allow":["GET"]}}],"collection":[{"href":"https:\/\/imprimeideas.es\/en\/wp-json\/wp\/v2\/product"}],"about":[{"href":"https:\/\/imprimeideas.es\/en\/wp-json\/wp\/v2\/types\/product"}],"replies":[{"embeddable":true,"href":"https:\/\/imprimeideas.es\/en\/wp-json\/wp\/v2\/comments?post=31303"}],"version-history":[{"count":1,"href":"https:\/\/imprimeideas.es\/en\/wp-json\/wp\/v2\/product\/31303\/revisions"}],"predecessor-version":[{"id":59408,"href":"https:\/\/imprimeideas.es\/en\/wp-json\/wp\/v2\/product\/31303\/revisions\/59408"}],"wp:featuredmedia":[{"embeddable":true,"href":"https:\/\/imprimeideas.es\/en\/wp-json\/wp\/v2\/media\/81353"}],"wp:attachment":[{"href":"https:\/\/imprimeideas.es\/en\/wp-json\/wp\/v2\/media?parent=31303"}],"wp:term":[{"taxonomy":"product_brand","embeddable":true,"href":"https:\/\/imprimeideas.es\/en\/wp-json\/wp\/v2\/product_brand?post=31303"},{"taxonomy":"product_cat","embeddable":true,"href":"https:\/\/imprimeideas.es\/en\/wp-json\/wp\/v2\/product_cat?post=31303"},{"taxonomy":"product_tag","embeddable":true,"href":"https:\/\/imprimeideas.es\/en\/wp-json\/wp\/v2\/product_tag?post=31303"}],"curies":[{"name":"wp","href":"https:\/\/api.w.org\/{rel}","templated":true}]}}