{"id":31292,"date":"2026-02-24T11:02:44","date_gmt":"2026-02-24T10:02:44","guid":{"rendered":"https:\/\/imprimeideas.es\/?post_type=product&p=31292"},"modified":"2026-02-26T18:19:24","modified_gmt":"2026-02-26T17:19:24","slug":"boligrafo-zufer","status":"publish","type":"product","link":"https:\/\/imprimeideas.es\/en\/product\/boligrafo-zufer\/","title":{"rendered":"Bol\u00edgrafo Zufer"},"content":{"rendered":"<p>Cl\u00e1sico bol\u00edgrafo con mecanismo de pulsador, de atrevido dise\u00f1o y cuerpo de color blanco s\u00f3lido en suave acabado. Con c\u00f3moda empu\u00f1adura y clip a juego. Tinta azul.<\/p>","protected":false},"excerpt":{"rendered":"<p>Cl\u00e1sico bol\u00edgrafo con mecanismo de pulsador, de atrevido dise\u00f1o y cuerpo de color blanco s\u00f3lido en suave acabado. Con c\u00f3moda<\/p>","protected":false},"featured_media":85661,"comment_status":"open","ping_status":"open","template":"","meta":{"inline_featured_image":false},"product_brand":[],"product_cat":[100],"product_tag":[],"class_list":{"0":"post-31292","1":"product","2":"type-product","3":"status-publish","4":"has-post-thumbnail","6":"product_cat-escritura","8":"first","9":"instock","10":"taxable","11":"shipping-taxable","12":"purchasable","13":"product-type-variable","14":"has-default-attributes"},"aioseo_notices":[],"_links":{"self":[{"href":"https:\/\/imprimeideas.es\/en\/wp-json\/wp\/v2\/product\/31292","targetHints":{"allow":["GET"]}}],"collection":[{"href":"https:\/\/imprimeideas.es\/en\/wp-json\/wp\/v2\/product"}],"about":[{"href":"https:\/\/imprimeideas.es\/en\/wp-json\/wp\/v2\/types\/product"}],"replies":[{"embeddable":true,"href":"https:\/\/imprimeideas.es\/en\/wp-json\/wp\/v2\/comments?post=31292"}],"version-history":[{"count":1,"href":"https:\/\/imprimeideas.es\/en\/wp-json\/wp\/v2\/product\/31292\/revisions"}],"predecessor-version":[{"id":59406,"href":"https:\/\/imprimeideas.es\/en\/wp-json\/wp\/v2\/product\/31292\/revisions\/59406"}],"wp:featuredmedia":[{"embeddable":true,"href":"https:\/\/imprimeideas.es\/en\/wp-json\/wp\/v2\/media\/85661"}],"wp:attachment":[{"href":"https:\/\/imprimeideas.es\/en\/wp-json\/wp\/v2\/media?parent=31292"}],"wp:term":[{"taxonomy":"product_brand","embeddable":true,"href":"https:\/\/imprimeideas.es\/en\/wp-json\/wp\/v2\/product_brand?post=31292"},{"taxonomy":"product_cat","embeddable":true,"href":"https:\/\/imprimeideas.es\/en\/wp-json\/wp\/v2\/product_cat?post=31292"},{"taxonomy":"product_tag","embeddable":true,"href":"https:\/\/imprimeideas.es\/en\/wp-json\/wp\/v2\/product_tag?post=31292"}],"curies":[{"name":"wp","href":"https:\/\/api.w.org\/{rel}","templated":true}]}}