{"id":31248,"date":"2026-02-24T11:02:41","date_gmt":"2026-02-24T10:02:41","guid":{"rendered":"https:\/\/imprimeideas.es\/?post_type=product&p=31248"},"modified":"2026-02-25T20:13:13","modified_gmt":"2026-02-25T19:13:13","slug":"gafas-sol-stifel","status":"publish","type":"product","link":"https:\/\/imprimeideas.es\/en\/product\/gafas-sol-stifel\/","title":{"rendered":"Gafas Sol Stifel"},"content":{"rendered":"<p>Gafas de sol plegables con protecci\u00f3n UV400 de cl\u00e1sico dise\u00f1o. Con montura de acabado brillante en divertidos colores y lentes de color negro.<\/p>","protected":false},"excerpt":{"rendered":"<p>Plegables. Protecci\u00f3n UV400<\/p>","protected":false},"featured_media":69939,"comment_status":"open","ping_status":"open","template":"","meta":{"inline_featured_image":false},"product_brand":[],"product_cat":[128,126,114],"product_tag":[],"class_list":{"0":"post-31248","1":"product","2":"type-product","3":"status-publish","4":"has-post-thumbnail","6":"product_cat-outlet","7":"product_cat-spain-line","8":"product_cat-verano-y-playa","10":"first","11":"outofstock","12":"taxable","13":"shipping-taxable","14":"purchasable","15":"product-type-variable","16":"has-default-attributes"},"aioseo_notices":[],"_links":{"self":[{"href":"https:\/\/imprimeideas.es\/en\/wp-json\/wp\/v2\/product\/31248","targetHints":{"allow":["GET"]}}],"collection":[{"href":"https:\/\/imprimeideas.es\/en\/wp-json\/wp\/v2\/product"}],"about":[{"href":"https:\/\/imprimeideas.es\/en\/wp-json\/wp\/v2\/types\/product"}],"replies":[{"embeddable":true,"href":"https:\/\/imprimeideas.es\/en\/wp-json\/wp\/v2\/comments?post=31248"}],"version-history":[{"count":1,"href":"https:\/\/imprimeideas.es\/en\/wp-json\/wp\/v2\/product\/31248\/revisions"}],"predecessor-version":[{"id":59399,"href":"https:\/\/imprimeideas.es\/en\/wp-json\/wp\/v2\/product\/31248\/revisions\/59399"}],"wp:featuredmedia":[{"embeddable":true,"href":"https:\/\/imprimeideas.es\/en\/wp-json\/wp\/v2\/media\/69939"}],"wp:attachment":[{"href":"https:\/\/imprimeideas.es\/en\/wp-json\/wp\/v2\/media?parent=31248"}],"wp:term":[{"taxonomy":"product_brand","embeddable":true,"href":"https:\/\/imprimeideas.es\/en\/wp-json\/wp\/v2\/product_brand?post=31248"},{"taxonomy":"product_cat","embeddable":true,"href":"https:\/\/imprimeideas.es\/en\/wp-json\/wp\/v2\/product_cat?post=31248"},{"taxonomy":"product_tag","embeddable":true,"href":"https:\/\/imprimeideas.es\/en\/wp-json\/wp\/v2\/product_tag?post=31248"}],"curies":[{"name":"wp","href":"https:\/\/api.w.org\/{rel}","templated":true}]}}