{"id":31227,"date":"2026-02-24T11:02:39","date_gmt":"2026-02-24T10:02:39","guid":{"rendered":"https:\/\/imprimeideas.es\/?post_type=product&p=31227"},"modified":"2026-02-26T18:03:02","modified_gmt":"2026-02-26T17:03:02","slug":"set-bolsas-lopack","status":"publish","type":"product","link":"https:\/\/imprimeideas.es\/en\/product\/set-bolsas-lopack\/","title":{"rendered":"Set Bolsas Lopack"},"content":{"rendered":"<p>Set de 3 bolsas de reciclaje amarilla-verde-azul en resistente pp-woven laminado de 125g\/m2 de acabado brillante. Incluye 3 bolsas de 23x45x23cm unidas entre s\u00ed mediante resistentes velcros laterales. Con asas reforzadas e indicaci\u00f3n de tipos de residuo: pl\u00e1stico y envases, vidrio y papel.<\/p>","protected":false},"excerpt":{"rendered":"<p>3 Bolsas 23 x 45 x 23 cm<\/p>","protected":false},"featured_media":73376,"comment_status":"open","ping_status":"open","template":"","meta":{"inline_featured_image":false},"product_brand":[],"product_cat":[99,104],"product_tag":[],"class_list":{"0":"post-31227","1":"product","2":"type-product","3":"status-publish","4":"has-post-thumbnail","6":"product_cat-bolsas","7":"product_cat-hogar-y-decoracion","9":"first","10":"instock","11":"taxable","12":"shipping-taxable","13":"purchasable","14":"product-type-variable","15":"has-default-attributes"},"aioseo_notices":[],"_links":{"self":[{"href":"https:\/\/imprimeideas.es\/en\/wp-json\/wp\/v2\/product\/31227","targetHints":{"allow":["GET"]}}],"collection":[{"href":"https:\/\/imprimeideas.es\/en\/wp-json\/wp\/v2\/product"}],"about":[{"href":"https:\/\/imprimeideas.es\/en\/wp-json\/wp\/v2\/types\/product"}],"replies":[{"embeddable":true,"href":"https:\/\/imprimeideas.es\/en\/wp-json\/wp\/v2\/comments?post=31227"}],"version-history":[{"count":1,"href":"https:\/\/imprimeideas.es\/en\/wp-json\/wp\/v2\/product\/31227\/revisions"}],"predecessor-version":[{"id":59393,"href":"https:\/\/imprimeideas.es\/en\/wp-json\/wp\/v2\/product\/31227\/revisions\/59393"}],"wp:featuredmedia":[{"embeddable":true,"href":"https:\/\/imprimeideas.es\/en\/wp-json\/wp\/v2\/media\/73376"}],"wp:attachment":[{"href":"https:\/\/imprimeideas.es\/en\/wp-json\/wp\/v2\/media?parent=31227"}],"wp:term":[{"taxonomy":"product_brand","embeddable":true,"href":"https:\/\/imprimeideas.es\/en\/wp-json\/wp\/v2\/product_brand?post=31227"},{"taxonomy":"product_cat","embeddable":true,"href":"https:\/\/imprimeideas.es\/en\/wp-json\/wp\/v2\/product_cat?post=31227"},{"taxonomy":"product_tag","embeddable":true,"href":"https:\/\/imprimeideas.es\/en\/wp-json\/wp\/v2\/product_tag?post=31227"}],"curies":[{"name":"wp","href":"https:\/\/api.w.org\/{rel}","templated":true}]}}