{"id":31219,"date":"2026-02-24T11:02:39","date_gmt":"2026-02-24T10:02:39","guid":{"rendered":"https:\/\/imprimeideas.es\/?post_type=product&p=31219"},"modified":"2026-02-26T18:37:30","modified_gmt":"2026-02-26T17:37:30","slug":"funda-zisuk","status":"publish","type":"product","link":"https:\/\/imprimeideas.es\/en\/product\/funda-zisuk\/","title":{"rendered":"Funda Zisuk"},"content":{"rendered":"<p>Funda para smartphone en original dise\u00f1o de gorro de Pap\u00e1 Noel en divertida gama de colores. Con cierres de cord\u00f3n y en resistente material poli\u00e9ster.<\/p>","protected":false},"excerpt":{"rendered":"<p>Funda para smartphone en original dise\u00f1o de gorro de Pap\u00e1 Noel en divertida gama de colores. Con cierres de cord\u00f3n<\/p>","protected":false},"featured_media":73306,"comment_status":"open","ping_status":"open","template":"","meta":{"inline_featured_image":false},"product_brand":[],"product_cat":[127],"product_tag":[],"class_list":{"0":"post-31219","1":"product","2":"type-product","3":"status-publish","4":"has-post-thumbnail","6":"product_cat-navidad","8":"first","9":"instock","10":"taxable","11":"shipping-taxable","12":"purchasable","13":"product-type-variable","14":"has-default-attributes"},"aioseo_notices":[],"_links":{"self":[{"href":"https:\/\/imprimeideas.es\/en\/wp-json\/wp\/v2\/product\/31219","targetHints":{"allow":["GET"]}}],"collection":[{"href":"https:\/\/imprimeideas.es\/en\/wp-json\/wp\/v2\/product"}],"about":[{"href":"https:\/\/imprimeideas.es\/en\/wp-json\/wp\/v2\/types\/product"}],"replies":[{"embeddable":true,"href":"https:\/\/imprimeideas.es\/en\/wp-json\/wp\/v2\/comments?post=31219"}],"version-history":[{"count":1,"href":"https:\/\/imprimeideas.es\/en\/wp-json\/wp\/v2\/product\/31219\/revisions"}],"predecessor-version":[{"id":59391,"href":"https:\/\/imprimeideas.es\/en\/wp-json\/wp\/v2\/product\/31219\/revisions\/59391"}],"wp:featuredmedia":[{"embeddable":true,"href":"https:\/\/imprimeideas.es\/en\/wp-json\/wp\/v2\/media\/73306"}],"wp:attachment":[{"href":"https:\/\/imprimeideas.es\/en\/wp-json\/wp\/v2\/media?parent=31219"}],"wp:term":[{"taxonomy":"product_brand","embeddable":true,"href":"https:\/\/imprimeideas.es\/en\/wp-json\/wp\/v2\/product_brand?post=31219"},{"taxonomy":"product_cat","embeddable":true,"href":"https:\/\/imprimeideas.es\/en\/wp-json\/wp\/v2\/product_cat?post=31219"},{"taxonomy":"product_tag","embeddable":true,"href":"https:\/\/imprimeideas.es\/en\/wp-json\/wp\/v2\/product_tag?post=31219"}],"curies":[{"name":"wp","href":"https:\/\/api.w.org\/{rel}","templated":true}]}}