{"id":31201,"date":"2026-02-24T11:02:38","date_gmt":"2026-02-24T10:02:38","guid":{"rendered":"https:\/\/imprimeideas.es\/?post_type=product&p=31201"},"modified":"2026-02-26T18:23:13","modified_gmt":"2026-02-26T17:23:13","slug":"bloc-notas-makron","status":"publish","type":"product","link":"https:\/\/imprimeideas.es\/en\/product\/bloc-notas-makron\/","title":{"rendered":"Bloc Notas Makron"},"content":{"rendered":"<p>Bloc de notas adhesivas de anillas con bol\u00edgrafo de cart\u00f3n reciclado incluido. De original dise\u00f1o, con asas de transporte troqueladas y tapas de suave tacto acabadas en resistente cart\u00f3n reciclado r\u00edgido. Con soporte para bol\u00edgrafo integrado, incluye bloc de 70 hojas con lineas horizontales, 25 notas adhesivas medianas y 125 mini notas adhesivas.<\/p>","protected":false},"excerpt":{"rendered":"<p>Bloc 70 Hojas. 25 Notas Adhesivas 7,5 x 10 cm. 125 Mininotas Adhesivas 1,5 x 7,5 cm. Bol\u00edgrafo Cart\u00f3n Reciclado Incluido<\/p>","protected":false},"featured_media":63950,"comment_status":"open","ping_status":"open","template":"","meta":{"inline_featured_image":false},"product_brand":[],"product_cat":[122,96],"product_tag":[],"class_list":{"0":"post-31201","1":"product","2":"type-product","3":"status-publish","4":"has-post-thumbnail","6":"product_cat-articulos-sostenibles","7":"product_cat-oficina-y-negocios","9":"first","10":"instock","11":"taxable","12":"shipping-taxable","13":"purchasable","14":"product-type-variable","15":"has-default-attributes"},"aioseo_notices":[],"_links":{"self":[{"href":"https:\/\/imprimeideas.es\/en\/wp-json\/wp\/v2\/product\/31201","targetHints":{"allow":["GET"]}}],"collection":[{"href":"https:\/\/imprimeideas.es\/en\/wp-json\/wp\/v2\/product"}],"about":[{"href":"https:\/\/imprimeideas.es\/en\/wp-json\/wp\/v2\/types\/product"}],"replies":[{"embeddable":true,"href":"https:\/\/imprimeideas.es\/en\/wp-json\/wp\/v2\/comments?post=31201"}],"version-history":[{"count":1,"href":"https:\/\/imprimeideas.es\/en\/wp-json\/wp\/v2\/product\/31201\/revisions"}],"predecessor-version":[{"id":59387,"href":"https:\/\/imprimeideas.es\/en\/wp-json\/wp\/v2\/product\/31201\/revisions\/59387"}],"wp:featuredmedia":[{"embeddable":true,"href":"https:\/\/imprimeideas.es\/en\/wp-json\/wp\/v2\/media\/63950"}],"wp:attachment":[{"href":"https:\/\/imprimeideas.es\/en\/wp-json\/wp\/v2\/media?parent=31201"}],"wp:term":[{"taxonomy":"product_brand","embeddable":true,"href":"https:\/\/imprimeideas.es\/en\/wp-json\/wp\/v2\/product_brand?post=31201"},{"taxonomy":"product_cat","embeddable":true,"href":"https:\/\/imprimeideas.es\/en\/wp-json\/wp\/v2\/product_cat?post=31201"},{"taxonomy":"product_tag","embeddable":true,"href":"https:\/\/imprimeideas.es\/en\/wp-json\/wp\/v2\/product_tag?post=31201"}],"curies":[{"name":"wp","href":"https:\/\/api.w.org\/{rel}","templated":true}]}}