{"id":31163,"date":"2026-02-24T11:02:35","date_gmt":"2026-02-24T10:02:35","guid":{"rendered":"https:\/\/imprimeideas.es\/?post_type=product&p=31163"},"modified":"2026-02-26T18:32:58","modified_gmt":"2026-02-26T17:32:58","slug":"funda-boligrafo-menit","status":"publish","type":"product","link":"https:\/\/imprimeideas.es\/en\/product\/funda-boligrafo-menit\/","title":{"rendered":"Funda Bol\u00edgrafo Menit"},"content":{"rendered":"<p>Funda para bol\u00edgrafo en resistente cart\u00f3n de vivos colores y con dise\u00f1o de ventana.<\/p>","protected":false},"excerpt":{"rendered":"<p>Funda para bol\u00edgrafo en resistente cart\u00f3n de vivos colores y con dise\u00f1o de ventana.<\/p>","protected":false},"featured_media":79404,"comment_status":"open","ping_status":"open","template":"","meta":{"inline_featured_image":false},"product_brand":[],"product_cat":[287,100],"product_tag":[],"class_list":{"0":"post-31163","1":"product","2":"type-product","3":"status-publish","4":"has-post-thumbnail","6":"product_cat-embalaje-especial","7":"product_cat-escritura","9":"first","10":"instock","11":"taxable","12":"shipping-taxable","13":"purchasable","14":"product-type-variable","15":"has-default-attributes"},"aioseo_notices":[],"_links":{"self":[{"href":"https:\/\/imprimeideas.es\/en\/wp-json\/wp\/v2\/product\/31163","targetHints":{"allow":["GET"]}}],"collection":[{"href":"https:\/\/imprimeideas.es\/en\/wp-json\/wp\/v2\/product"}],"about":[{"href":"https:\/\/imprimeideas.es\/en\/wp-json\/wp\/v2\/types\/product"}],"replies":[{"embeddable":true,"href":"https:\/\/imprimeideas.es\/en\/wp-json\/wp\/v2\/comments?post=31163"}],"version-history":[{"count":1,"href":"https:\/\/imprimeideas.es\/en\/wp-json\/wp\/v2\/product\/31163\/revisions"}],"predecessor-version":[{"id":59380,"href":"https:\/\/imprimeideas.es\/en\/wp-json\/wp\/v2\/product\/31163\/revisions\/59380"}],"wp:featuredmedia":[{"embeddable":true,"href":"https:\/\/imprimeideas.es\/en\/wp-json\/wp\/v2\/media\/79404"}],"wp:attachment":[{"href":"https:\/\/imprimeideas.es\/en\/wp-json\/wp\/v2\/media?parent=31163"}],"wp:term":[{"taxonomy":"product_brand","embeddable":true,"href":"https:\/\/imprimeideas.es\/en\/wp-json\/wp\/v2\/product_brand?post=31163"},{"taxonomy":"product_cat","embeddable":true,"href":"https:\/\/imprimeideas.es\/en\/wp-json\/wp\/v2\/product_cat?post=31163"},{"taxonomy":"product_tag","embeddable":true,"href":"https:\/\/imprimeideas.es\/en\/wp-json\/wp\/v2\/product_tag?post=31163"}],"curies":[{"name":"wp","href":"https:\/\/api.w.org\/{rel}","templated":true}]}}