{"id":31129,"date":"2026-02-24T11:02:33","date_gmt":"2026-02-24T10:02:33","guid":{"rendered":"https:\/\/imprimeideas.es\/?post_type=product&p=31129"},"modified":"2026-02-26T18:19:35","modified_gmt":"2026-02-26T17:19:35","slug":"braga-cherin","status":"publish","type":"product","link":"https:\/\/imprimeideas.es\/en\/product\/braga-cherin\/","title":{"rendered":"Braga Cherin"},"content":{"rendered":"<p>Braga fabricada en suave poli\u00e9ster el\u00e1stico. Una prenda muy vers\u00e1til y c\u00f3moda de vestir, gracias a las diferentes configuraciones y funcionalidades que ofrece. Disponible en una extensa gama de colores, con color blanco especialmente dise\u00f1ado para marcaje en sublimaci\u00f3n, pudiendo aplicar dise\u00f1os a todo color.<\/p>","protected":false},"excerpt":{"rendered":"<p>Braga fabricada en suave poli\u00e9ster el\u00e1stico. Una prenda muy vers\u00e1til y c\u00f3moda de vestir, gracias a las diferentes configuraciones y<\/p>","protected":false},"featured_media":86297,"comment_status":"open","ping_status":"open","template":"","meta":{"inline_featured_image":false},"product_brand":[],"product_cat":[118,115],"product_tag":[],"class_list":{"0":"post-31129","1":"product","2":"type-product","3":"status-publish","4":"has-post-thumbnail","6":"product_cat-lluvia-y-frio","7":"product_cat-sublimacion","9":"first","10":"instock","11":"taxable","12":"shipping-taxable","13":"purchasable","14":"product-type-variable","15":"has-default-attributes"},"aioseo_notices":[],"_links":{"self":[{"href":"https:\/\/imprimeideas.es\/en\/wp-json\/wp\/v2\/product\/31129","targetHints":{"allow":["GET"]}}],"collection":[{"href":"https:\/\/imprimeideas.es\/en\/wp-json\/wp\/v2\/product"}],"about":[{"href":"https:\/\/imprimeideas.es\/en\/wp-json\/wp\/v2\/types\/product"}],"replies":[{"embeddable":true,"href":"https:\/\/imprimeideas.es\/en\/wp-json\/wp\/v2\/comments?post=31129"}],"version-history":[{"count":1,"href":"https:\/\/imprimeideas.es\/en\/wp-json\/wp\/v2\/product\/31129\/revisions"}],"predecessor-version":[{"id":59376,"href":"https:\/\/imprimeideas.es\/en\/wp-json\/wp\/v2\/product\/31129\/revisions\/59376"}],"wp:featuredmedia":[{"embeddable":true,"href":"https:\/\/imprimeideas.es\/en\/wp-json\/wp\/v2\/media\/86297"}],"wp:attachment":[{"href":"https:\/\/imprimeideas.es\/en\/wp-json\/wp\/v2\/media?parent=31129"}],"wp:term":[{"taxonomy":"product_brand","embeddable":true,"href":"https:\/\/imprimeideas.es\/en\/wp-json\/wp\/v2\/product_brand?post=31129"},{"taxonomy":"product_cat","embeddable":true,"href":"https:\/\/imprimeideas.es\/en\/wp-json\/wp\/v2\/product_cat?post=31129"},{"taxonomy":"product_tag","embeddable":true,"href":"https:\/\/imprimeideas.es\/en\/wp-json\/wp\/v2\/product_tag?post=31129"}],"curies":[{"name":"wp","href":"https:\/\/api.w.org\/{rel}","templated":true}]}}