{"id":30752,"date":"2026-02-24T11:02:09","date_gmt":"2026-02-24T10:02:09","guid":{"rendered":"https:\/\/imprimeideas.es\/?post_type=product&p=30752"},"modified":"2026-02-26T18:23:19","modified_gmt":"2026-02-26T17:23:19","slug":"portatodo-tamy","status":"publish","type":"product","link":"https:\/\/imprimeideas.es\/en\/product\/portatodo-tamy\/","title":{"rendered":"Portatodo Tamy"},"content":{"rendered":"<p>Pr\u00e1ctico portatodo impermeable en PVC de acabado transl\u00facido con ventana frontal transparente. Con funci\u00f3n t\u00e1ctil y cierre estanco. Solapa con cierre de corchete a juego y cinta de transporte a juego con accesorio de ajuste.<\/p>","protected":false},"excerpt":{"rendered":"<p>Impermeable. Pantalla T\u00e1ctil<\/p>","protected":false},"featured_media":64511,"comment_status":"open","ping_status":"open","template":"","meta":{"inline_featured_image":false},"product_brand":[],"product_cat":[114],"product_tag":[],"class_list":{"0":"post-30752","1":"product","2":"type-product","3":"status-publish","4":"has-post-thumbnail","6":"product_cat-verano-y-playa","8":"first","9":"outofstock","10":"taxable","11":"shipping-taxable","12":"purchasable","13":"product-type-variable","14":"has-default-attributes"},"aioseo_notices":[],"_links":{"self":[{"href":"https:\/\/imprimeideas.es\/en\/wp-json\/wp\/v2\/product\/30752","targetHints":{"allow":["GET"]}}],"collection":[{"href":"https:\/\/imprimeideas.es\/en\/wp-json\/wp\/v2\/product"}],"about":[{"href":"https:\/\/imprimeideas.es\/en\/wp-json\/wp\/v2\/types\/product"}],"replies":[{"embeddable":true,"href":"https:\/\/imprimeideas.es\/en\/wp-json\/wp\/v2\/comments?post=30752"}],"version-history":[{"count":1,"href":"https:\/\/imprimeideas.es\/en\/wp-json\/wp\/v2\/product\/30752\/revisions"}],"predecessor-version":[{"id":59346,"href":"https:\/\/imprimeideas.es\/en\/wp-json\/wp\/v2\/product\/30752\/revisions\/59346"}],"wp:featuredmedia":[{"embeddable":true,"href":"https:\/\/imprimeideas.es\/en\/wp-json\/wp\/v2\/media\/64511"}],"wp:attachment":[{"href":"https:\/\/imprimeideas.es\/en\/wp-json\/wp\/v2\/media?parent=30752"}],"wp:term":[{"taxonomy":"product_brand","embeddable":true,"href":"https:\/\/imprimeideas.es\/en\/wp-json\/wp\/v2\/product_brand?post=30752"},{"taxonomy":"product_cat","embeddable":true,"href":"https:\/\/imprimeideas.es\/en\/wp-json\/wp\/v2\/product_cat?post=30752"},{"taxonomy":"product_tag","embeddable":true,"href":"https:\/\/imprimeideas.es\/en\/wp-json\/wp\/v2\/product_tag?post=30752"}],"curies":[{"name":"wp","href":"https:\/\/api.w.org\/{rel}","templated":true}]}}