{"id":30732,"date":"2026-02-24T11:02:08","date_gmt":"2026-02-24T10:02:08","guid":{"rendered":"https:\/\/imprimeideas.es\/?post_type=product&p=30732"},"modified":"2026-02-26T18:08:14","modified_gmt":"2026-02-26T17:08:14","slug":"balon-delko","status":"publish","type":"product","link":"https:\/\/imprimeideas.es\/en\/product\/balon-delko\/","title":{"rendered":"Bal\u00f3n Delko"},"content":{"rendered":"<p>Bal\u00f3n de dise\u00f1o retro en suave polipiel en tama\u00f1o FIFA 5. De dise\u00f1o bicolor con paneles hexagonales en color blanco y paneles pentagonales en variados colores.<\/p>","protected":false},"excerpt":{"rendered":"<p>Tama\u00f1o: 5<\/p>","protected":false},"featured_media":83003,"comment_status":"open","ping_status":"open","template":"","meta":{"inline_featured_image":false},"product_brand":[],"product_cat":[101,108],"product_tag":[],"class_list":{"0":"post-30732","1":"product","2":"type-product","3":"status-publish","4":"has-post-thumbnail","6":"product_cat-deporte-y-aventura","7":"product_cat-infantil","9":"first","10":"instock","11":"taxable","12":"shipping-taxable","13":"purchasable","14":"product-type-variable","15":"has-default-attributes"},"aioseo_notices":[],"_links":{"self":[{"href":"https:\/\/imprimeideas.es\/en\/wp-json\/wp\/v2\/product\/30732","targetHints":{"allow":["GET"]}}],"collection":[{"href":"https:\/\/imprimeideas.es\/en\/wp-json\/wp\/v2\/product"}],"about":[{"href":"https:\/\/imprimeideas.es\/en\/wp-json\/wp\/v2\/types\/product"}],"replies":[{"embeddable":true,"href":"https:\/\/imprimeideas.es\/en\/wp-json\/wp\/v2\/comments?post=30732"}],"version-history":[{"count":1,"href":"https:\/\/imprimeideas.es\/en\/wp-json\/wp\/v2\/product\/30732\/revisions"}],"predecessor-version":[{"id":59343,"href":"https:\/\/imprimeideas.es\/en\/wp-json\/wp\/v2\/product\/30732\/revisions\/59343"}],"wp:featuredmedia":[{"embeddable":true,"href":"https:\/\/imprimeideas.es\/en\/wp-json\/wp\/v2\/media\/83003"}],"wp:attachment":[{"href":"https:\/\/imprimeideas.es\/en\/wp-json\/wp\/v2\/media?parent=30732"}],"wp:term":[{"taxonomy":"product_brand","embeddable":true,"href":"https:\/\/imprimeideas.es\/en\/wp-json\/wp\/v2\/product_brand?post=30732"},{"taxonomy":"product_cat","embeddable":true,"href":"https:\/\/imprimeideas.es\/en\/wp-json\/wp\/v2\/product_cat?post=30732"},{"taxonomy":"product_tag","embeddable":true,"href":"https:\/\/imprimeideas.es\/en\/wp-json\/wp\/v2\/product_tag?post=30732"}],"curies":[{"name":"wp","href":"https:\/\/api.w.org\/{rel}","templated":true}]}}