{"id":30706,"date":"2026-02-24T11:02:06","date_gmt":"2026-02-24T10:02:06","guid":{"rendered":"https:\/\/imprimeideas.es\/?post_type=product&p=30706"},"modified":"2026-02-26T18:28:07","modified_gmt":"2026-02-26T17:28:07","slug":"mochila-humus","status":"publish","type":"product","link":"https:\/\/imprimeideas.es\/en\/product\/mochila-humus\/","title":{"rendered":"Mochila Humus"},"content":{"rendered":"<p>Mochila de poli\u00e9ster 600D. Fabricada en divertidos y variados colores con amplia apertura de su bolsa principal y pr\u00e1ctico bolsillo en la parte central. Cuenta con dos bolsillos el\u00e1sticos de redecilla a los lados y una salida de auriculares en la parte frontal. Accesorios en color negro, con cintas de hombros c\u00f3modas, acolchadas y ajustables.<\/p>","protected":false},"excerpt":{"rendered":"<p>Cintas Acolchadas<\/p>","protected":false},"featured_media":37423,"comment_status":"open","ping_status":"open","template":"","meta":{"inline_featured_image":false},"product_brand":[],"product_cat":[94],"product_tag":[],"class_list":{"0":"post-30706","1":"product","2":"type-product","3":"status-publish","4":"has-post-thumbnail","6":"product_cat-mochilas","8":"first","9":"instock","10":"taxable","11":"shipping-taxable","12":"purchasable","13":"product-type-variable","14":"has-default-attributes"},"aioseo_notices":[],"_links":{"self":[{"href":"https:\/\/imprimeideas.es\/en\/wp-json\/wp\/v2\/product\/30706","targetHints":{"allow":["GET"]}}],"collection":[{"href":"https:\/\/imprimeideas.es\/en\/wp-json\/wp\/v2\/product"}],"about":[{"href":"https:\/\/imprimeideas.es\/en\/wp-json\/wp\/v2\/types\/product"}],"replies":[{"embeddable":true,"href":"https:\/\/imprimeideas.es\/en\/wp-json\/wp\/v2\/comments?post=30706"}],"version-history":[{"count":1,"href":"https:\/\/imprimeideas.es\/en\/wp-json\/wp\/v2\/product\/30706\/revisions"}],"predecessor-version":[{"id":59341,"href":"https:\/\/imprimeideas.es\/en\/wp-json\/wp\/v2\/product\/30706\/revisions\/59341"}],"wp:featuredmedia":[{"embeddable":true,"href":"https:\/\/imprimeideas.es\/en\/wp-json\/wp\/v2\/media\/37423"}],"wp:attachment":[{"href":"https:\/\/imprimeideas.es\/en\/wp-json\/wp\/v2\/media?parent=30706"}],"wp:term":[{"taxonomy":"product_brand","embeddable":true,"href":"https:\/\/imprimeideas.es\/en\/wp-json\/wp\/v2\/product_brand?post=30706"},{"taxonomy":"product_cat","embeddable":true,"href":"https:\/\/imprimeideas.es\/en\/wp-json\/wp\/v2\/product_cat?post=30706"},{"taxonomy":"product_tag","embeddable":true,"href":"https:\/\/imprimeideas.es\/en\/wp-json\/wp\/v2\/product_tag?post=30706"}],"curies":[{"name":"wp","href":"https:\/\/api.w.org\/{rel}","templated":true}]}}