{"id":30675,"date":"2026-02-24T11:02:04","date_gmt":"2026-02-24T10:02:04","guid":{"rendered":"https:\/\/imprimeideas.es\/?post_type=product&p=30675"},"modified":"2026-02-26T18:37:30","modified_gmt":"2026-02-26T17:37:30","slug":"llavero-vinger","status":"publish","type":"product","link":"https:\/\/imprimeideas.es\/en\/product\/llavero-vinger\/","title":{"rendered":"Llavero Vinger"},"content":{"rendered":"<p>Llavero de poli\u00e9ster con accesorios de bandera espa\u00f1ola en la cinta y refuerzo met\u00e1lico en acabado plateado brillante.<\/p>","protected":false},"excerpt":{"rendered":"<p>Llavero de poli\u00e9ster con accesorios de bandera espa\u00f1ola en la cinta y refuerzo met\u00e1lico en acabado plateado brillante.<\/p>","protected":false},"featured_media":72344,"comment_status":"open","ping_status":"open","template":"","meta":{"inline_featured_image":false},"product_brand":[],"product_cat":[106,126],"product_tag":[],"class_list":{"0":"post-30675","1":"product","2":"type-product","3":"status-publish","4":"has-post-thumbnail","6":"product_cat-regalos-y-premiums","7":"product_cat-spain-line","9":"first","10":"instock","11":"taxable","12":"shipping-taxable","13":"purchasable","14":"product-type-variable","15":"has-default-attributes"},"aioseo_notices":[],"_links":{"self":[{"href":"https:\/\/imprimeideas.es\/en\/wp-json\/wp\/v2\/product\/30675","targetHints":{"allow":["GET"]}}],"collection":[{"href":"https:\/\/imprimeideas.es\/en\/wp-json\/wp\/v2\/product"}],"about":[{"href":"https:\/\/imprimeideas.es\/en\/wp-json\/wp\/v2\/types\/product"}],"replies":[{"embeddable":true,"href":"https:\/\/imprimeideas.es\/en\/wp-json\/wp\/v2\/comments?post=30675"}],"version-history":[{"count":1,"href":"https:\/\/imprimeideas.es\/en\/wp-json\/wp\/v2\/product\/30675\/revisions"}],"predecessor-version":[{"id":59337,"href":"https:\/\/imprimeideas.es\/en\/wp-json\/wp\/v2\/product\/30675\/revisions\/59337"}],"wp:featuredmedia":[{"embeddable":true,"href":"https:\/\/imprimeideas.es\/en\/wp-json\/wp\/v2\/media\/72344"}],"wp:attachment":[{"href":"https:\/\/imprimeideas.es\/en\/wp-json\/wp\/v2\/media?parent=30675"}],"wp:term":[{"taxonomy":"product_brand","embeddable":true,"href":"https:\/\/imprimeideas.es\/en\/wp-json\/wp\/v2\/product_brand?post=30675"},{"taxonomy":"product_cat","embeddable":true,"href":"https:\/\/imprimeideas.es\/en\/wp-json\/wp\/v2\/product_cat?post=30675"},{"taxonomy":"product_tag","embeddable":true,"href":"https:\/\/imprimeideas.es\/en\/wp-json\/wp\/v2\/product_tag?post=30675"}],"curies":[{"name":"wp","href":"https:\/\/api.w.org\/{rel}","templated":true}]}}