{"id":30632,"date":"2026-02-24T11:01:35","date_gmt":"2026-02-24T10:01:35","guid":{"rendered":"https:\/\/imprimeideas.es\/?post_type=product&p=30632"},"modified":"2026-02-26T18:37:35","modified_gmt":"2026-02-26T17:37:35","slug":"estuche-celes","status":"publish","type":"product","link":"https:\/\/imprimeideas.es\/en\/product\/estuche-celes\/","title":{"rendered":"Estuche Celes"},"content":{"rendered":"<p>Cl\u00e1sico estuche de cremallera y dise\u00f1o cil\u00edndrico en resistente poli\u00e9ster 600D. Con pr\u00e1ctica asa de transporte y cremallera a juego.<\/p>","protected":false},"excerpt":{"rendered":"<p>Cl\u00e1sico estuche de cremallera y dise\u00f1o cil\u00edndrico en resistente poli\u00e9ster 600D. Con pr\u00e1ctica asa de transporte y cremallera a juego.<\/p>","protected":false},"featured_media":79741,"comment_status":"open","ping_status":"open","template":"","meta":{"inline_featured_image":false},"product_brand":[],"product_cat":[100,108],"product_tag":[],"class_list":{"0":"post-30632","1":"product","2":"type-product","3":"status-publish","4":"has-post-thumbnail","6":"product_cat-escritura","7":"product_cat-infantil","9":"first","10":"instock","11":"taxable","12":"shipping-taxable","13":"purchasable","14":"product-type-variable","15":"has-default-attributes"},"aioseo_notices":[],"_links":{"self":[{"href":"https:\/\/imprimeideas.es\/en\/wp-json\/wp\/v2\/product\/30632","targetHints":{"allow":["GET"]}}],"collection":[{"href":"https:\/\/imprimeideas.es\/en\/wp-json\/wp\/v2\/product"}],"about":[{"href":"https:\/\/imprimeideas.es\/en\/wp-json\/wp\/v2\/types\/product"}],"replies":[{"embeddable":true,"href":"https:\/\/imprimeideas.es\/en\/wp-json\/wp\/v2\/comments?post=30632"}],"version-history":[{"count":1,"href":"https:\/\/imprimeideas.es\/en\/wp-json\/wp\/v2\/product\/30632\/revisions"}],"predecessor-version":[{"id":59330,"href":"https:\/\/imprimeideas.es\/en\/wp-json\/wp\/v2\/product\/30632\/revisions\/59330"}],"wp:featuredmedia":[{"embeddable":true,"href":"https:\/\/imprimeideas.es\/en\/wp-json\/wp\/v2\/media\/79741"}],"wp:attachment":[{"href":"https:\/\/imprimeideas.es\/en\/wp-json\/wp\/v2\/media?parent=30632"}],"wp:term":[{"taxonomy":"product_brand","embeddable":true,"href":"https:\/\/imprimeideas.es\/en\/wp-json\/wp\/v2\/product_brand?post=30632"},{"taxonomy":"product_cat","embeddable":true,"href":"https:\/\/imprimeideas.es\/en\/wp-json\/wp\/v2\/product_cat?post=30632"},{"taxonomy":"product_tag","embeddable":true,"href":"https:\/\/imprimeideas.es\/en\/wp-json\/wp\/v2\/product_tag?post=30632"}],"curies":[{"name":"wp","href":"https:\/\/api.w.org\/{rel}","templated":true}]}}