{"id":30606,"date":"2026-02-24T11:01:33","date_gmt":"2026-02-24T10:01:33","guid":{"rendered":"https:\/\/imprimeideas.es\/?post_type=product&p=30606"},"modified":"2026-02-26T18:42:35","modified_gmt":"2026-02-26T17:42:35","slug":"boligrafo-klinch","status":"publish","type":"product","link":"https:\/\/imprimeideas.es\/en\/product\/boligrafo-klinch\/","title":{"rendered":"Bol\u00edgrafo Klinch"},"content":{"rendered":"<p>Bol\u00edgrafo de mecanismo pulsador de atrevido dise\u00f1o tricolor con accesorios en vivos colores y cuerpo de suave acabado en color blanco s\u00f3lido. Con original clip curvado a juego y c\u00f3moda empu\u00f1adura. Tinta azul.<\/p>","protected":false},"excerpt":{"rendered":"<p>Bol\u00edgrafo de mecanismo pulsador de atrevido dise\u00f1o tricolor con accesorios en vivos colores y cuerpo de suave acabado en color<\/p>","protected":false},"featured_media":75932,"comment_status":"open","ping_status":"open","template":"","meta":{"inline_featured_image":false},"product_brand":[],"product_cat":[100],"product_tag":[],"class_list":{"0":"post-30606","1":"product","2":"type-product","3":"status-publish","4":"has-post-thumbnail","6":"product_cat-escritura","8":"first","9":"instock","10":"taxable","11":"shipping-taxable","12":"purchasable","13":"product-type-variable","14":"has-default-attributes"},"aioseo_notices":[],"_links":{"self":[{"href":"https:\/\/imprimeideas.es\/en\/wp-json\/wp\/v2\/product\/30606","targetHints":{"allow":["GET"]}}],"collection":[{"href":"https:\/\/imprimeideas.es\/en\/wp-json\/wp\/v2\/product"}],"about":[{"href":"https:\/\/imprimeideas.es\/en\/wp-json\/wp\/v2\/types\/product"}],"replies":[{"embeddable":true,"href":"https:\/\/imprimeideas.es\/en\/wp-json\/wp\/v2\/comments?post=30606"}],"version-history":[{"count":1,"href":"https:\/\/imprimeideas.es\/en\/wp-json\/wp\/v2\/product\/30606\/revisions"}],"predecessor-version":[{"id":59327,"href":"https:\/\/imprimeideas.es\/en\/wp-json\/wp\/v2\/product\/30606\/revisions\/59327"}],"wp:featuredmedia":[{"embeddable":true,"href":"https:\/\/imprimeideas.es\/en\/wp-json\/wp\/v2\/media\/75932"}],"wp:attachment":[{"href":"https:\/\/imprimeideas.es\/en\/wp-json\/wp\/v2\/media?parent=30606"}],"wp:term":[{"taxonomy":"product_brand","embeddable":true,"href":"https:\/\/imprimeideas.es\/en\/wp-json\/wp\/v2\/product_brand?post=30606"},{"taxonomy":"product_cat","embeddable":true,"href":"https:\/\/imprimeideas.es\/en\/wp-json\/wp\/v2\/product_cat?post=30606"},{"taxonomy":"product_tag","embeddable":true,"href":"https:\/\/imprimeideas.es\/en\/wp-json\/wp\/v2\/product_tag?post=30606"}],"curies":[{"name":"wp","href":"https:\/\/api.w.org\/{rel}","templated":true}]}}