{"id":30580,"date":"2026-02-24T11:01:32","date_gmt":"2026-02-24T10:01:32","guid":{"rendered":"https:\/\/imprimeideas.es\/?post_type=product&p=30580"},"modified":"2026-02-26T18:37:40","modified_gmt":"2026-02-26T17:37:40","slug":"pizarra-magnetica-yupit","status":"publish","type":"product","link":"https:\/\/imprimeideas.es\/en\/product\/pizarra-magnetica-yupit\/","title":{"rendered":"Pizarra Magn\u00e9tica Yupit"},"content":{"rendered":"<p>Pizarra magn\u00e9tica en variada gama de vivos colores. Rotulador magn\u00e9tico con borrador incluido.<\/p>","protected":false},"excerpt":{"rendered":"<p>Rotulador y Borrador Incluidos<\/p>","protected":false},"featured_media":79963,"comment_status":"open","ping_status":"open","template":"","meta":{"inline_featured_image":false},"product_brand":[],"product_cat":[104],"product_tag":[],"class_list":{"0":"post-30580","1":"product","2":"type-product","3":"status-publish","4":"has-post-thumbnail","6":"product_cat-hogar-y-decoracion","8":"first","9":"instock","10":"taxable","11":"shipping-taxable","12":"purchasable","13":"product-type-variable","14":"has-default-attributes"},"aioseo_notices":[],"_links":{"self":[{"href":"https:\/\/imprimeideas.es\/en\/wp-json\/wp\/v2\/product\/30580","targetHints":{"allow":["GET"]}}],"collection":[{"href":"https:\/\/imprimeideas.es\/en\/wp-json\/wp\/v2\/product"}],"about":[{"href":"https:\/\/imprimeideas.es\/en\/wp-json\/wp\/v2\/types\/product"}],"replies":[{"embeddable":true,"href":"https:\/\/imprimeideas.es\/en\/wp-json\/wp\/v2\/comments?post=30580"}],"version-history":[{"count":1,"href":"https:\/\/imprimeideas.es\/en\/wp-json\/wp\/v2\/product\/30580\/revisions"}],"predecessor-version":[{"id":59322,"href":"https:\/\/imprimeideas.es\/en\/wp-json\/wp\/v2\/product\/30580\/revisions\/59322"}],"wp:featuredmedia":[{"embeddable":true,"href":"https:\/\/imprimeideas.es\/en\/wp-json\/wp\/v2\/media\/79963"}],"wp:attachment":[{"href":"https:\/\/imprimeideas.es\/en\/wp-json\/wp\/v2\/media?parent=30580"}],"wp:term":[{"taxonomy":"product_brand","embeddable":true,"href":"https:\/\/imprimeideas.es\/en\/wp-json\/wp\/v2\/product_brand?post=30580"},{"taxonomy":"product_cat","embeddable":true,"href":"https:\/\/imprimeideas.es\/en\/wp-json\/wp\/v2\/product_cat?post=30580"},{"taxonomy":"product_tag","embeddable":true,"href":"https:\/\/imprimeideas.es\/en\/wp-json\/wp\/v2\/product_tag?post=30580"}],"curies":[{"name":"wp","href":"https:\/\/api.w.org\/{rel}","templated":true}]}}