{"id":30564,"date":"2026-02-24T11:01:31","date_gmt":"2026-02-24T10:01:31","guid":{"rendered":"https:\/\/imprimeideas.es\/?post_type=product&p=30564"},"modified":"2026-02-25T19:52:16","modified_gmt":"2026-02-25T18:52:16","slug":"encendedor-mundi","status":"publish","type":"product","link":"https:\/\/imprimeideas.es\/en\/product\/encendedor-mundi\/","title":{"rendered":"Encendedor Mundi"},"content":{"rendered":"<p>Mini encendedor a gas de mecanismo el\u00e9ctrico y dise\u00f1o Espa\u00f1a, en elegante color blanco s\u00f3lido. Con protecci\u00f3n infantil, recargable y regulador de llama. Servidos en cajas de 50 unidades.<\/p>","protected":false},"excerpt":{"rendered":"<p>Recargable<\/p>","protected":false},"featured_media":74403,"comment_status":"open","ping_status":"open","template":"","meta":{"inline_featured_image":false},"product_brand":[],"product_cat":[106,126],"product_tag":[],"class_list":{"0":"post-30564","1":"product","2":"type-product","3":"status-publish","4":"has-post-thumbnail","6":"product_cat-regalos-y-premiums","7":"product_cat-spain-line","9":"first","10":"outofstock","11":"taxable","12":"shipping-taxable","13":"purchasable","14":"product-type-variable","15":"has-default-attributes"},"aioseo_notices":[],"_links":{"self":[{"href":"https:\/\/imprimeideas.es\/en\/wp-json\/wp\/v2\/product\/30564","targetHints":{"allow":["GET"]}}],"collection":[{"href":"https:\/\/imprimeideas.es\/en\/wp-json\/wp\/v2\/product"}],"about":[{"href":"https:\/\/imprimeideas.es\/en\/wp-json\/wp\/v2\/types\/product"}],"replies":[{"embeddable":true,"href":"https:\/\/imprimeideas.es\/en\/wp-json\/wp\/v2\/comments?post=30564"}],"version-history":[{"count":1,"href":"https:\/\/imprimeideas.es\/en\/wp-json\/wp\/v2\/product\/30564\/revisions"}],"predecessor-version":[{"id":59318,"href":"https:\/\/imprimeideas.es\/en\/wp-json\/wp\/v2\/product\/30564\/revisions\/59318"}],"wp:featuredmedia":[{"embeddable":true,"href":"https:\/\/imprimeideas.es\/en\/wp-json\/wp\/v2\/media\/74403"}],"wp:attachment":[{"href":"https:\/\/imprimeideas.es\/en\/wp-json\/wp\/v2\/media?parent=30564"}],"wp:term":[{"taxonomy":"product_brand","embeddable":true,"href":"https:\/\/imprimeideas.es\/en\/wp-json\/wp\/v2\/product_brand?post=30564"},{"taxonomy":"product_cat","embeddable":true,"href":"https:\/\/imprimeideas.es\/en\/wp-json\/wp\/v2\/product_cat?post=30564"},{"taxonomy":"product_tag","embeddable":true,"href":"https:\/\/imprimeideas.es\/en\/wp-json\/wp\/v2\/product_tag?post=30564"}],"curies":[{"name":"wp","href":"https:\/\/api.w.org\/{rel}","templated":true}]}}