{"id":30539,"date":"2026-02-24T11:01:29","date_gmt":"2026-02-24T10:01:29","guid":{"rendered":"https:\/\/imprimeideas.es\/?post_type=product&p=30539"},"modified":"2026-02-26T18:42:39","modified_gmt":"2026-02-26T17:42:39","slug":"taza-sublimacion-bornel","status":"publish","type":"product","link":"https:\/\/imprimeideas.es\/en\/product\/taza-sublimacion-bornel\/","title":{"rendered":"Taza Sublimaci\u00f3n Bornel"},"content":{"rendered":"<p>Taza de cer\u00e1mica de 350ml. Dise\u00f1o en color blanco especialmente dise\u00f1ada para la sublimaci\u00f3n, pudiendo transferir todo tipo de dise\u00f1os a todo color. Cada taza viene presentada en caja individual kraft.<\/p>","protected":false},"excerpt":{"rendered":"<p>350 ml<\/p>","protected":false},"featured_media":63992,"comment_status":"open","ping_status":"open","template":"","meta":{"inline_featured_image":false},"product_brand":[],"product_cat":[115,97],"product_tag":[],"class_list":{"0":"post-30539","1":"product","2":"type-product","3":"status-publish","4":"has-post-thumbnail","6":"product_cat-sublimacion","7":"product_cat-tazas-jarras-y-termos","9":"first","10":"instock","11":"taxable","12":"shipping-taxable","13":"purchasable","14":"product-type-variable","15":"has-default-attributes"},"aioseo_notices":[],"_links":{"self":[{"href":"https:\/\/imprimeideas.es\/en\/wp-json\/wp\/v2\/product\/30539","targetHints":{"allow":["GET"]}}],"collection":[{"href":"https:\/\/imprimeideas.es\/en\/wp-json\/wp\/v2\/product"}],"about":[{"href":"https:\/\/imprimeideas.es\/en\/wp-json\/wp\/v2\/types\/product"}],"replies":[{"embeddable":true,"href":"https:\/\/imprimeideas.es\/en\/wp-json\/wp\/v2\/comments?post=30539"}],"version-history":[{"count":1,"href":"https:\/\/imprimeideas.es\/en\/wp-json\/wp\/v2\/product\/30539\/revisions"}],"predecessor-version":[{"id":59312,"href":"https:\/\/imprimeideas.es\/en\/wp-json\/wp\/v2\/product\/30539\/revisions\/59312"}],"wp:featuredmedia":[{"embeddable":true,"href":"https:\/\/imprimeideas.es\/en\/wp-json\/wp\/v2\/media\/63992"}],"wp:attachment":[{"href":"https:\/\/imprimeideas.es\/en\/wp-json\/wp\/v2\/media?parent=30539"}],"wp:term":[{"taxonomy":"product_brand","embeddable":true,"href":"https:\/\/imprimeideas.es\/en\/wp-json\/wp\/v2\/product_brand?post=30539"},{"taxonomy":"product_cat","embeddable":true,"href":"https:\/\/imprimeideas.es\/en\/wp-json\/wp\/v2\/product_cat?post=30539"},{"taxonomy":"product_tag","embeddable":true,"href":"https:\/\/imprimeideas.es\/en\/wp-json\/wp\/v2\/product_tag?post=30539"}],"curies":[{"name":"wp","href":"https:\/\/api.w.org\/{rel}","templated":true}]}}