{"id":30525,"date":"2026-02-24T11:01:29","date_gmt":"2026-02-24T10:01:29","guid":{"rendered":"https:\/\/imprimeideas.es\/?post_type=product&p=30525"},"modified":"2026-02-26T18:19:34","modified_gmt":"2026-02-26T17:19:34","slug":"gorro-corvus","status":"publish","type":"product","link":"https:\/\/imprimeideas.es\/en\/product\/gorro-corvus\/","title":{"rendered":"Gorro Corvus"},"content":{"rendered":"<p>Suave y c\u00e1lido gorro en combinaci\u00f3n de materiales algod\u00f3n y poli\u00e9ster el\u00e1stico de dise\u00f1o Espa\u00f1a con doble cobertura. Disponible en colores azul y blanco.<\/p>","protected":false},"excerpt":{"rendered":"<p>Suave y c\u00e1lido gorro en combinaci\u00f3n de materiales algod\u00f3n y poli\u00e9ster el\u00e1stico de dise\u00f1o Espa\u00f1a con doble cobertura. Disponible en<\/p>","protected":false},"featured_media":74460,"comment_status":"open","ping_status":"open","template":"","meta":{"inline_featured_image":false},"product_brand":[],"product_cat":[126],"product_tag":[],"class_list":{"0":"post-30525","1":"product","2":"type-product","3":"status-publish","4":"has-post-thumbnail","6":"product_cat-spain-line","8":"first","9":"instock","10":"taxable","11":"shipping-taxable","12":"purchasable","13":"product-type-variable","14":"has-default-attributes"},"aioseo_notices":[],"_links":{"self":[{"href":"https:\/\/imprimeideas.es\/en\/wp-json\/wp\/v2\/product\/30525","targetHints":{"allow":["GET"]}}],"collection":[{"href":"https:\/\/imprimeideas.es\/en\/wp-json\/wp\/v2\/product"}],"about":[{"href":"https:\/\/imprimeideas.es\/en\/wp-json\/wp\/v2\/types\/product"}],"replies":[{"embeddable":true,"href":"https:\/\/imprimeideas.es\/en\/wp-json\/wp\/v2\/comments?post=30525"}],"version-history":[{"count":1,"href":"https:\/\/imprimeideas.es\/en\/wp-json\/wp\/v2\/product\/30525\/revisions"}],"predecessor-version":[{"id":59308,"href":"https:\/\/imprimeideas.es\/en\/wp-json\/wp\/v2\/product\/30525\/revisions\/59308"}],"wp:featuredmedia":[{"embeddable":true,"href":"https:\/\/imprimeideas.es\/en\/wp-json\/wp\/v2\/media\/74460"}],"wp:attachment":[{"href":"https:\/\/imprimeideas.es\/en\/wp-json\/wp\/v2\/media?parent=30525"}],"wp:term":[{"taxonomy":"product_brand","embeddable":true,"href":"https:\/\/imprimeideas.es\/en\/wp-json\/wp\/v2\/product_brand?post=30525"},{"taxonomy":"product_cat","embeddable":true,"href":"https:\/\/imprimeideas.es\/en\/wp-json\/wp\/v2\/product_cat?post=30525"},{"taxonomy":"product_tag","embeddable":true,"href":"https:\/\/imprimeideas.es\/en\/wp-json\/wp\/v2\/product_tag?post=30525"}],"curies":[{"name":"wp","href":"https:\/\/api.w.org\/{rel}","templated":true}]}}