{"id":30498,"date":"2026-02-24T11:01:27","date_gmt":"2026-02-24T10:01:27","guid":{"rendered":"https:\/\/imprimeideas.es\/?post_type=product&p=30498"},"modified":"2026-02-26T18:19:21","modified_gmt":"2026-02-26T17:19:21","slug":"parka-zylka","status":"publish","type":"product","link":"https:\/\/imprimeideas.es\/en\/product\/parka-zylka\/","title":{"rendered":"Parka Zylka"},"content":{"rendered":"<p>Parka con exterior en suave y resistente ripstop pongee transpirable con tratamiento impermeable antidesgarro. De dise\u00f1o en vivos colores e interior con grueso forrado. Cuello interior en c\u00e1lido polar fleece y doble cierre principal: de cremallera con cinta en tirador y tapeta de velcro. Con bolsillos frontales y laterales con tapeta y cierre de cremallera, pu\u00f1os con velcro ajustable y el\u00e1stico en cintura con accesorio de ajuste. Disponible en tallas S, M, L, XL, XXL. Con cremallera interior para f\u00e1cil marcaje.<\/p>","protected":false},"excerpt":{"rendered":"<p>Tratamiento Impermeable. Cremallera Interior para Impresi\u00f3n<\/p>","protected":false},"featured_media":85687,"comment_status":"open","ping_status":"open","template":"","meta":{"inline_featured_image":false},"product_brand":[],"product_cat":[128,116],"product_tag":[],"class_list":{"0":"post-30498","1":"product","2":"type-product","3":"status-publish","4":"has-post-thumbnail","6":"product_cat-outlet","7":"product_cat-textil","9":"first","10":"outofstock","11":"taxable","12":"shipping-taxable","13":"purchasable","14":"product-type-variable","15":"has-default-attributes"},"aioseo_notices":[],"_links":{"self":[{"href":"https:\/\/imprimeideas.es\/en\/wp-json\/wp\/v2\/product\/30498","targetHints":{"allow":["GET"]}}],"collection":[{"href":"https:\/\/imprimeideas.es\/en\/wp-json\/wp\/v2\/product"}],"about":[{"href":"https:\/\/imprimeideas.es\/en\/wp-json\/wp\/v2\/types\/product"}],"replies":[{"embeddable":true,"href":"https:\/\/imprimeideas.es\/en\/wp-json\/wp\/v2\/comments?post=30498"}],"version-history":[{"count":1,"href":"https:\/\/imprimeideas.es\/en\/wp-json\/wp\/v2\/product\/30498\/revisions"}],"predecessor-version":[{"id":59306,"href":"https:\/\/imprimeideas.es\/en\/wp-json\/wp\/v2\/product\/30498\/revisions\/59306"}],"wp:featuredmedia":[{"embeddable":true,"href":"https:\/\/imprimeideas.es\/en\/wp-json\/wp\/v2\/media\/85687"}],"wp:attachment":[{"href":"https:\/\/imprimeideas.es\/en\/wp-json\/wp\/v2\/media?parent=30498"}],"wp:term":[{"taxonomy":"product_brand","embeddable":true,"href":"https:\/\/imprimeideas.es\/en\/wp-json\/wp\/v2\/product_brand?post=30498"},{"taxonomy":"product_cat","embeddable":true,"href":"https:\/\/imprimeideas.es\/en\/wp-json\/wp\/v2\/product_cat?post=30498"},{"taxonomy":"product_tag","embeddable":true,"href":"https:\/\/imprimeideas.es\/en\/wp-json\/wp\/v2\/product_tag?post=30498"}],"curies":[{"name":"wp","href":"https:\/\/api.w.org\/{rel}","templated":true}]}}