{"id":30427,"date":"2026-02-24T11:01:23","date_gmt":"2026-02-24T10:01:23","guid":{"rendered":"https:\/\/imprimeideas.es\/?post_type=product&p=30427"},"modified":"2026-02-26T18:32:48","modified_gmt":"2026-02-26T17:32:48","slug":"bidon-iskan","status":"publish","type":"product","link":"https:\/\/imprimeideas.es\/en\/product\/bidon-iskan\/","title":{"rendered":"Bid\u00f3n Iskan"},"content":{"rendered":"<p>Bid\u00f3n de 500 ml fabricado en resistente PE. Con dise\u00f1o ergon\u00f3mico que se adapta perfectamente a la mano y tap\u00f3n a rosca con dosificador, que garantiza un sellado perfecto. Disponible en variada gama de colores.<\/p>","protected":false},"excerpt":{"rendered":"<p>500 ml<\/p>","protected":false},"featured_media":72227,"comment_status":"open","ping_status":"open","template":"","meta":{"inline_featured_image":false},"product_brand":[],"product_cat":[97],"product_tag":[],"class_list":{"0":"post-30427","1":"product","2":"type-product","3":"status-publish","4":"has-post-thumbnail","6":"product_cat-tazas-jarras-y-termos","8":"first","9":"instock","10":"taxable","11":"shipping-taxable","12":"purchasable","13":"product-type-variable","14":"has-default-attributes"},"aioseo_notices":[],"_links":{"self":[{"href":"https:\/\/imprimeideas.es\/en\/wp-json\/wp\/v2\/product\/30427","targetHints":{"allow":["GET"]}}],"collection":[{"href":"https:\/\/imprimeideas.es\/en\/wp-json\/wp\/v2\/product"}],"about":[{"href":"https:\/\/imprimeideas.es\/en\/wp-json\/wp\/v2\/types\/product"}],"replies":[{"embeddable":true,"href":"https:\/\/imprimeideas.es\/en\/wp-json\/wp\/v2\/comments?post=30427"}],"version-history":[{"count":1,"href":"https:\/\/imprimeideas.es\/en\/wp-json\/wp\/v2\/product\/30427\/revisions"}],"predecessor-version":[{"id":59299,"href":"https:\/\/imprimeideas.es\/en\/wp-json\/wp\/v2\/product\/30427\/revisions\/59299"}],"wp:featuredmedia":[{"embeddable":true,"href":"https:\/\/imprimeideas.es\/en\/wp-json\/wp\/v2\/media\/72227"}],"wp:attachment":[{"href":"https:\/\/imprimeideas.es\/en\/wp-json\/wp\/v2\/media?parent=30427"}],"wp:term":[{"taxonomy":"product_brand","embeddable":true,"href":"https:\/\/imprimeideas.es\/en\/wp-json\/wp\/v2\/product_brand?post=30427"},{"taxonomy":"product_cat","embeddable":true,"href":"https:\/\/imprimeideas.es\/en\/wp-json\/wp\/v2\/product_cat?post=30427"},{"taxonomy":"product_tag","embeddable":true,"href":"https:\/\/imprimeideas.es\/en\/wp-json\/wp\/v2\/product_tag?post=30427"}],"curies":[{"name":"wp","href":"https:\/\/api.w.org\/{rel}","templated":true}]}}