{"id":30403,"date":"2026-02-24T11:01:21","date_gmt":"2026-02-24T10:01:21","guid":{"rendered":"https:\/\/imprimeideas.es\/?post_type=product&p=30403"},"modified":"2026-02-26T18:19:19","modified_gmt":"2026-02-26T17:19:19","slug":"calcetin-saspi","status":"publish","type":"product","link":"https:\/\/imprimeideas.es\/en\/product\/calcetin-saspi\/","title":{"rendered":"Calcet\u00edn Saspi"},"content":{"rendered":"<p>Calcet\u00edn navide\u00f1o de gran capacidad en tradicional combinaci\u00f3n de colores navide\u00f1os y con cinta para colgar.<\/p>","protected":false},"excerpt":{"rendered":"<p>Calcet\u00edn navide\u00f1o de gran capacidad en tradicional combinaci\u00f3n de colores navide\u00f1os y con cinta para colgar.<\/p>","protected":false},"featured_media":71194,"comment_status":"open","ping_status":"open","template":"","meta":{"inline_featured_image":false},"product_brand":[],"product_cat":[127],"product_tag":[],"class_list":{"0":"post-30403","1":"product","2":"type-product","3":"status-publish","4":"has-post-thumbnail","6":"product_cat-navidad","8":"first","9":"instock","10":"taxable","11":"shipping-taxable","12":"purchasable","13":"product-type-variable","14":"has-default-attributes"},"aioseo_notices":[],"_links":{"self":[{"href":"https:\/\/imprimeideas.es\/en\/wp-json\/wp\/v2\/product\/30403","targetHints":{"allow":["GET"]}}],"collection":[{"href":"https:\/\/imprimeideas.es\/en\/wp-json\/wp\/v2\/product"}],"about":[{"href":"https:\/\/imprimeideas.es\/en\/wp-json\/wp\/v2\/types\/product"}],"replies":[{"embeddable":true,"href":"https:\/\/imprimeideas.es\/en\/wp-json\/wp\/v2\/comments?post=30403"}],"version-history":[{"count":1,"href":"https:\/\/imprimeideas.es\/en\/wp-json\/wp\/v2\/product\/30403\/revisions"}],"predecessor-version":[{"id":59293,"href":"https:\/\/imprimeideas.es\/en\/wp-json\/wp\/v2\/product\/30403\/revisions\/59293"}],"wp:featuredmedia":[{"embeddable":true,"href":"https:\/\/imprimeideas.es\/en\/wp-json\/wp\/v2\/media\/71194"}],"wp:attachment":[{"href":"https:\/\/imprimeideas.es\/en\/wp-json\/wp\/v2\/media?parent=30403"}],"wp:term":[{"taxonomy":"product_brand","embeddable":true,"href":"https:\/\/imprimeideas.es\/en\/wp-json\/wp\/v2\/product_brand?post=30403"},{"taxonomy":"product_cat","embeddable":true,"href":"https:\/\/imprimeideas.es\/en\/wp-json\/wp\/v2\/product_cat?post=30403"},{"taxonomy":"product_tag","embeddable":true,"href":"https:\/\/imprimeideas.es\/en\/wp-json\/wp\/v2\/product_tag?post=30403"}],"curies":[{"name":"wp","href":"https:\/\/api.w.org\/{rel}","templated":true}]}}