{"id":30397,"date":"2026-02-24T11:01:21","date_gmt":"2026-02-24T10:01:21","guid":{"rendered":"https:\/\/imprimeideas.es\/?post_type=product&p=30397"},"modified":"2026-02-26T18:33:00","modified_gmt":"2026-02-26T17:33:00","slug":"set-vinos-sarap","status":"publish","type":"product","link":"https:\/\/imprimeideas.es\/en\/product\/set-vinos-sarap\/","title":{"rendered":"Set Vinos Sarap"},"content":{"rendered":"<p>Original set de vinos en forma de botella con suave tacto exterior, cierre magn\u00e9tico y accesorios de acero inox. Incluye sacacorchos con cortac\u00e1psulas y abridor, tap\u00f3n dosificador y recogegotas. Presentado en estuche individual con interior en suave espuma troquelada.<\/p>","protected":false},"excerpt":{"rendered":"<p>3 Accesorios<\/p>","protected":false},"featured_media":62164,"comment_status":"open","ping_status":"open","template":"","meta":{"inline_featured_image":false},"product_brand":[],"product_cat":[105],"product_tag":[],"class_list":{"0":"post-30397","1":"product","2":"type-product","3":"status-publish","4":"has-post-thumbnail","6":"product_cat-vino-accesorios-de-bebida-y-hosteleria","8":"first","9":"outofstock","10":"taxable","11":"shipping-taxable","12":"purchasable","13":"product-type-variable","14":"has-default-attributes"},"aioseo_notices":[],"_links":{"self":[{"href":"https:\/\/imprimeideas.es\/en\/wp-json\/wp\/v2\/product\/30397","targetHints":{"allow":["GET"]}}],"collection":[{"href":"https:\/\/imprimeideas.es\/en\/wp-json\/wp\/v2\/product"}],"about":[{"href":"https:\/\/imprimeideas.es\/en\/wp-json\/wp\/v2\/types\/product"}],"replies":[{"embeddable":true,"href":"https:\/\/imprimeideas.es\/en\/wp-json\/wp\/v2\/comments?post=30397"}],"version-history":[{"count":1,"href":"https:\/\/imprimeideas.es\/en\/wp-json\/wp\/v2\/product\/30397\/revisions"}],"predecessor-version":[{"id":59291,"href":"https:\/\/imprimeideas.es\/en\/wp-json\/wp\/v2\/product\/30397\/revisions\/59291"}],"wp:featuredmedia":[{"embeddable":true,"href":"https:\/\/imprimeideas.es\/en\/wp-json\/wp\/v2\/media\/62164"}],"wp:attachment":[{"href":"https:\/\/imprimeideas.es\/en\/wp-json\/wp\/v2\/media?parent=30397"}],"wp:term":[{"taxonomy":"product_brand","embeddable":true,"href":"https:\/\/imprimeideas.es\/en\/wp-json\/wp\/v2\/product_brand?post=30397"},{"taxonomy":"product_cat","embeddable":true,"href":"https:\/\/imprimeideas.es\/en\/wp-json\/wp\/v2\/product_cat?post=30397"},{"taxonomy":"product_tag","embeddable":true,"href":"https:\/\/imprimeideas.es\/en\/wp-json\/wp\/v2\/product_tag?post=30397"}],"curies":[{"name":"wp","href":"https:\/\/api.w.org\/{rel}","templated":true}]}}