{"id":30372,"date":"2026-02-24T11:01:20","date_gmt":"2026-02-24T10:01:20","guid":{"rendered":"https:\/\/imprimeideas.es\/?post_type=product&p=30372"},"modified":"2026-02-26T18:33:04","modified_gmt":"2026-02-26T17:33:04","slug":"medalla-corum","status":"publish","type":"product","link":"https:\/\/imprimeideas.es\/en\/product\/medalla-corum\/","title":{"rendered":"Medalla Corum"},"content":{"rendered":"<p>Medalla met\u00e1lica con cinta de poli\u00e9ster en acabado rojo y bandera espa\u00f1ola. Con cierre mosquet\u00f3n para f\u00e1cil marcaje y disponible en modelos oro, plata y bronce.<\/p>","protected":false},"excerpt":{"rendered":"<p>Medalla met\u00e1lica con cinta de poli\u00e9ster en acabado rojo y bandera espa\u00f1ola. Con cierre mosquet\u00f3n para f\u00e1cil marcaje y disponible<\/p>","protected":false},"featured_media":30931,"comment_status":"open","ping_status":"open","template":"","meta":{"inline_featured_image":false},"product_brand":[],"product_cat":[113],"product_tag":[],"class_list":{"0":"post-30372","1":"product","2":"type-product","3":"status-publish","4":"has-post-thumbnail","6":"product_cat-eventos-y-fiesta","8":"first","9":"instock","10":"taxable","11":"shipping-taxable","12":"purchasable","13":"product-type-variable","14":"has-default-attributes"},"aioseo_notices":[],"_links":{"self":[{"href":"https:\/\/imprimeideas.es\/en\/wp-json\/wp\/v2\/product\/30372","targetHints":{"allow":["GET"]}}],"collection":[{"href":"https:\/\/imprimeideas.es\/en\/wp-json\/wp\/v2\/product"}],"about":[{"href":"https:\/\/imprimeideas.es\/en\/wp-json\/wp\/v2\/types\/product"}],"replies":[{"embeddable":true,"href":"https:\/\/imprimeideas.es\/en\/wp-json\/wp\/v2\/comments?post=30372"}],"version-history":[{"count":1,"href":"https:\/\/imprimeideas.es\/en\/wp-json\/wp\/v2\/product\/30372\/revisions"}],"predecessor-version":[{"id":59285,"href":"https:\/\/imprimeideas.es\/en\/wp-json\/wp\/v2\/product\/30372\/revisions\/59285"}],"wp:featuredmedia":[{"embeddable":true,"href":"https:\/\/imprimeideas.es\/en\/wp-json\/wp\/v2\/media\/30931"}],"wp:attachment":[{"href":"https:\/\/imprimeideas.es\/en\/wp-json\/wp\/v2\/media?parent=30372"}],"wp:term":[{"taxonomy":"product_brand","embeddable":true,"href":"https:\/\/imprimeideas.es\/en\/wp-json\/wp\/v2\/product_brand?post=30372"},{"taxonomy":"product_cat","embeddable":true,"href":"https:\/\/imprimeideas.es\/en\/wp-json\/wp\/v2\/product_cat?post=30372"},{"taxonomy":"product_tag","embeddable":true,"href":"https:\/\/imprimeideas.es\/en\/wp-json\/wp\/v2\/product_tag?post=30372"}],"curies":[{"name":"wp","href":"https:\/\/api.w.org\/{rel}","templated":true}]}}