{"id":30334,"date":"2026-02-24T11:01:17","date_gmt":"2026-02-24T10:01:17","guid":{"rendered":"https:\/\/imprimeideas.es\/?post_type=product&p=30334"},"modified":"2026-02-26T18:37:31","modified_gmt":"2026-02-26T17:37:31","slug":"boligrafo-tib","status":"publish","type":"product","link":"https:\/\/imprimeideas.es\/en\/product\/boligrafo-tib\/","title":{"rendered":"Bol\u00edgrafo Tib"},"content":{"rendered":"<p>Original bol\u00edgrafo con dise\u00f1o de tubo y cuerpo s\u00f3lido en color blanco. Con capucha a rosca y de tinta azul.<\/p>","protected":false},"excerpt":{"rendered":"<p>Original bol\u00edgrafo con dise\u00f1o de tubo y cuerpo s\u00f3lido en color blanco. Con capucha a rosca y de tinta azul.<\/p>","protected":false},"featured_media":71866,"comment_status":"open","ping_status":"open","template":"","meta":{"inline_featured_image":false},"product_brand":[],"product_cat":[107,100],"product_tag":[],"class_list":{"0":"post-30334","1":"product","2":"type-product","3":"status-publish","4":"has-post-thumbnail","6":"product_cat-cuidado-personal-y-pharma","7":"product_cat-escritura","9":"first","10":"outofstock","11":"taxable","12":"shipping-taxable","13":"purchasable","14":"product-type-variable","15":"has-default-attributes"},"aioseo_notices":[],"_links":{"self":[{"href":"https:\/\/imprimeideas.es\/en\/wp-json\/wp\/v2\/product\/30334","targetHints":{"allow":["GET"]}}],"collection":[{"href":"https:\/\/imprimeideas.es\/en\/wp-json\/wp\/v2\/product"}],"about":[{"href":"https:\/\/imprimeideas.es\/en\/wp-json\/wp\/v2\/types\/product"}],"replies":[{"embeddable":true,"href":"https:\/\/imprimeideas.es\/en\/wp-json\/wp\/v2\/comments?post=30334"}],"version-history":[{"count":1,"href":"https:\/\/imprimeideas.es\/en\/wp-json\/wp\/v2\/product\/30334\/revisions"}],"predecessor-version":[{"id":59278,"href":"https:\/\/imprimeideas.es\/en\/wp-json\/wp\/v2\/product\/30334\/revisions\/59278"}],"wp:featuredmedia":[{"embeddable":true,"href":"https:\/\/imprimeideas.es\/en\/wp-json\/wp\/v2\/media\/71866"}],"wp:attachment":[{"href":"https:\/\/imprimeideas.es\/en\/wp-json\/wp\/v2\/media?parent=30334"}],"wp:term":[{"taxonomy":"product_brand","embeddable":true,"href":"https:\/\/imprimeideas.es\/en\/wp-json\/wp\/v2\/product_brand?post=30334"},{"taxonomy":"product_cat","embeddable":true,"href":"https:\/\/imprimeideas.es\/en\/wp-json\/wp\/v2\/product_cat?post=30334"},{"taxonomy":"product_tag","embeddable":true,"href":"https:\/\/imprimeideas.es\/en\/wp-json\/wp\/v2\/product_tag?post=30334"}],"curies":[{"name":"wp","href":"https:\/\/api.w.org\/{rel}","templated":true}]}}