{"id":30332,"date":"2026-02-24T11:01:17","date_gmt":"2026-02-24T10:01:17","guid":{"rendered":"https:\/\/imprimeideas.es\/?post_type=product&p=30332"},"modified":"2026-02-26T18:13:34","modified_gmt":"2026-02-26T17:13:34","slug":"boligrafo-linterna-senter","status":"publish","type":"product","link":"https:\/\/imprimeideas.es\/en\/product\/boligrafo-linterna-senter\/","title":{"rendered":"Bol\u00edgrafo Linterna Senter"},"content":{"rendered":"<p>Bol\u00edgrafo con linterna led integrada. De mecanismo pulsador lateral y en dise\u00f1o minimalista de original combinaci\u00f3n de colores gris y blanco. En tinta azul y con pilas de bot\u00f3n incluidas.<\/p>","protected":false},"excerpt":{"rendered":"<p>1 Led. Pilas Bot\u00f3n Incluidas<\/p>","protected":false},"featured_media":65382,"comment_status":"open","ping_status":"open","template":"","meta":{"inline_featured_image":false},"product_brand":[],"product_cat":[107,100],"product_tag":[],"class_list":{"0":"post-30332","1":"product","2":"type-product","3":"status-publish","4":"has-post-thumbnail","6":"product_cat-cuidado-personal-y-pharma","7":"product_cat-escritura","9":"first","10":"instock","11":"taxable","12":"shipping-taxable","13":"purchasable","14":"product-type-variable","15":"has-default-attributes"},"aioseo_notices":[],"_links":{"self":[{"href":"https:\/\/imprimeideas.es\/en\/wp-json\/wp\/v2\/product\/30332","targetHints":{"allow":["GET"]}}],"collection":[{"href":"https:\/\/imprimeideas.es\/en\/wp-json\/wp\/v2\/product"}],"about":[{"href":"https:\/\/imprimeideas.es\/en\/wp-json\/wp\/v2\/types\/product"}],"replies":[{"embeddable":true,"href":"https:\/\/imprimeideas.es\/en\/wp-json\/wp\/v2\/comments?post=30332"}],"version-history":[{"count":1,"href":"https:\/\/imprimeideas.es\/en\/wp-json\/wp\/v2\/product\/30332\/revisions"}],"predecessor-version":[{"id":59277,"href":"https:\/\/imprimeideas.es\/en\/wp-json\/wp\/v2\/product\/30332\/revisions\/59277"}],"wp:featuredmedia":[{"embeddable":true,"href":"https:\/\/imprimeideas.es\/en\/wp-json\/wp\/v2\/media\/65382"}],"wp:attachment":[{"href":"https:\/\/imprimeideas.es\/en\/wp-json\/wp\/v2\/media?parent=30332"}],"wp:term":[{"taxonomy":"product_brand","embeddable":true,"href":"https:\/\/imprimeideas.es\/en\/wp-json\/wp\/v2\/product_brand?post=30332"},{"taxonomy":"product_cat","embeddable":true,"href":"https:\/\/imprimeideas.es\/en\/wp-json\/wp\/v2\/product_cat?post=30332"},{"taxonomy":"product_tag","embeddable":true,"href":"https:\/\/imprimeideas.es\/en\/wp-json\/wp\/v2\/product_tag?post=30332"}],"curies":[{"name":"wp","href":"https:\/\/api.w.org\/{rel}","templated":true}]}}