{"id":30320,"date":"2026-02-24T11:01:17","date_gmt":"2026-02-24T10:01:17","guid":{"rendered":"https:\/\/imprimeideas.es\/?post_type=product&p=30320"},"modified":"2026-02-26T18:42:34","modified_gmt":"2026-02-26T17:42:34","slug":"boligrafo-medic","status":"publish","type":"product","link":"https:\/\/imprimeideas.es\/en\/product\/boligrafo-medic\/","title":{"rendered":"Bol\u00edgrafo Medic"},"content":{"rendered":"<p>Original bol\u00edgrafo con dise\u00f1o de jeringuilla y cuerpo transparente. Con l\u00edquido interior en vivos colores y de tinta azul.<\/p>","protected":false},"excerpt":{"rendered":"<p>Original bol\u00edgrafo con dise\u00f1o de jeringuilla y cuerpo transparente. Con l\u00edquido interior en vivos colores y de tinta azul.<\/p>","protected":false},"featured_media":71827,"comment_status":"open","ping_status":"open","template":"","meta":{"inline_featured_image":false},"product_brand":[],"product_cat":[107,100],"product_tag":[],"class_list":{"0":"post-30320","1":"product","2":"type-product","3":"status-publish","4":"has-post-thumbnail","6":"product_cat-cuidado-personal-y-pharma","7":"product_cat-escritura","9":"first","10":"instock","11":"taxable","12":"shipping-taxable","13":"purchasable","14":"product-type-variable","15":"has-default-attributes"},"aioseo_notices":[],"_links":{"self":[{"href":"https:\/\/imprimeideas.es\/en\/wp-json\/wp\/v2\/product\/30320","targetHints":{"allow":["GET"]}}],"collection":[{"href":"https:\/\/imprimeideas.es\/en\/wp-json\/wp\/v2\/product"}],"about":[{"href":"https:\/\/imprimeideas.es\/en\/wp-json\/wp\/v2\/types\/product"}],"replies":[{"embeddable":true,"href":"https:\/\/imprimeideas.es\/en\/wp-json\/wp\/v2\/comments?post=30320"}],"version-history":[{"count":1,"href":"https:\/\/imprimeideas.es\/en\/wp-json\/wp\/v2\/product\/30320\/revisions"}],"predecessor-version":[{"id":59275,"href":"https:\/\/imprimeideas.es\/en\/wp-json\/wp\/v2\/product\/30320\/revisions\/59275"}],"wp:featuredmedia":[{"embeddable":true,"href":"https:\/\/imprimeideas.es\/en\/wp-json\/wp\/v2\/media\/71827"}],"wp:attachment":[{"href":"https:\/\/imprimeideas.es\/en\/wp-json\/wp\/v2\/media?parent=30320"}],"wp:term":[{"taxonomy":"product_brand","embeddable":true,"href":"https:\/\/imprimeideas.es\/en\/wp-json\/wp\/v2\/product_brand?post=30320"},{"taxonomy":"product_cat","embeddable":true,"href":"https:\/\/imprimeideas.es\/en\/wp-json\/wp\/v2\/product_cat?post=30320"},{"taxonomy":"product_tag","embeddable":true,"href":"https:\/\/imprimeideas.es\/en\/wp-json\/wp\/v2\/product_tag?post=30320"}],"curies":[{"name":"wp","href":"https:\/\/api.w.org\/{rel}","templated":true}]}}