{"id":30284,"date":"2026-02-24T11:01:15","date_gmt":"2026-02-24T10:01:15","guid":{"rendered":"https:\/\/imprimeideas.es\/?post_type=product&p=30284"},"modified":"2026-02-26T18:08:13","modified_gmt":"2026-02-26T17:08:13","slug":"set-dony","status":"publish","type":"product","link":"https:\/\/imprimeideas.es\/en\/product\/set-dony\/","title":{"rendered":"Set Dony"},"content":{"rendered":"<p>Set de 6 piezas con 3 l\u00e1pices de madera con cuerpo redondo de acabado natural y mina negra, regla de 20cm con sistema m\u00e9trico en cent\u00edmetros\/pulgadas, goma de borrar y sacapuntas. Presentado en estuche de cart\u00f3n reciclado.<\/p>","protected":false},"excerpt":{"rendered":"<p>6 Piezas<\/p>","protected":false},"featured_media":30743,"comment_status":"open","ping_status":"open","template":"","meta":{"inline_featured_image":false},"product_brand":[],"product_cat":[122,100,108],"product_tag":[],"class_list":{"0":"post-30284","1":"product","2":"type-product","3":"status-publish","4":"has-post-thumbnail","6":"product_cat-articulos-sostenibles","7":"product_cat-escritura","8":"product_cat-infantil","10":"first","11":"instock","12":"taxable","13":"shipping-taxable","14":"purchasable","15":"product-type-variable","16":"has-default-attributes"},"aioseo_notices":[],"_links":{"self":[{"href":"https:\/\/imprimeideas.es\/en\/wp-json\/wp\/v2\/product\/30284","targetHints":{"allow":["GET"]}}],"collection":[{"href":"https:\/\/imprimeideas.es\/en\/wp-json\/wp\/v2\/product"}],"about":[{"href":"https:\/\/imprimeideas.es\/en\/wp-json\/wp\/v2\/types\/product"}],"replies":[{"embeddable":true,"href":"https:\/\/imprimeideas.es\/en\/wp-json\/wp\/v2\/comments?post=30284"}],"version-history":[{"count":1,"href":"https:\/\/imprimeideas.es\/en\/wp-json\/wp\/v2\/product\/30284\/revisions"}],"predecessor-version":[{"id":59263,"href":"https:\/\/imprimeideas.es\/en\/wp-json\/wp\/v2\/product\/30284\/revisions\/59263"}],"wp:featuredmedia":[{"embeddable":true,"href":"https:\/\/imprimeideas.es\/en\/wp-json\/wp\/v2\/media\/30743"}],"wp:attachment":[{"href":"https:\/\/imprimeideas.es\/en\/wp-json\/wp\/v2\/media?parent=30284"}],"wp:term":[{"taxonomy":"product_brand","embeddable":true,"href":"https:\/\/imprimeideas.es\/en\/wp-json\/wp\/v2\/product_brand?post=30284"},{"taxonomy":"product_cat","embeddable":true,"href":"https:\/\/imprimeideas.es\/en\/wp-json\/wp\/v2\/product_cat?post=30284"},{"taxonomy":"product_tag","embeddable":true,"href":"https:\/\/imprimeideas.es\/en\/wp-json\/wp\/v2\/product_tag?post=30284"}],"curies":[{"name":"wp","href":"https:\/\/api.w.org\/{rel}","templated":true}]}}