{"id":30280,"date":"2026-02-24T11:01:15","date_gmt":"2026-02-24T10:01:15","guid":{"rendered":"https:\/\/imprimeideas.es\/?post_type=product&p=30280"},"modified":"2026-02-26T18:42:37","modified_gmt":"2026-02-26T17:42:37","slug":"carpeta-kelem","status":"publish","type":"product","link":"https:\/\/imprimeideas.es\/en\/product\/carpeta-kelem\/","title":{"rendered":"Carpeta Kelem"},"content":{"rendered":"<p>Carpeta ecol\u00f3gica con doble cierre de clic en cart\u00f3n reciclado flexible y con c\u00f3modas asas integradas. Interior con bloc extra\u00edble de 25 hojas con distribuci\u00f3n a una raya, 25 notas adhesivas grandes, 125 mininotas adhesivas, bolsillo de solapa y soporte para bol\u00edgrafo.<\/p>","protected":false},"excerpt":{"rendered":"<p>Bloc 20 Hojas. 25 Notas Adhesivas 7,4 x 7,4 cm. 125 Mininotas Adhesivas 1,5 x 7,5 cm. Bol\u00edgrafo Cart\u00f3n Reciclado Incluido<\/p>","protected":false},"featured_media":61899,"comment_status":"open","ping_status":"open","template":"","meta":{"inline_featured_image":false},"product_brand":[],"product_cat":[122,96],"product_tag":[],"class_list":{"0":"post-30280","1":"product","2":"type-product","3":"status-publish","4":"has-post-thumbnail","6":"product_cat-articulos-sostenibles","7":"product_cat-oficina-y-negocios","9":"first","10":"instock","11":"taxable","12":"shipping-taxable","13":"purchasable","14":"product-type-variable","15":"has-default-attributes"},"aioseo_notices":[],"_links":{"self":[{"href":"https:\/\/imprimeideas.es\/en\/wp-json\/wp\/v2\/product\/30280","targetHints":{"allow":["GET"]}}],"collection":[{"href":"https:\/\/imprimeideas.es\/en\/wp-json\/wp\/v2\/product"}],"about":[{"href":"https:\/\/imprimeideas.es\/en\/wp-json\/wp\/v2\/types\/product"}],"replies":[{"embeddable":true,"href":"https:\/\/imprimeideas.es\/en\/wp-json\/wp\/v2\/comments?post=30280"}],"version-history":[{"count":1,"href":"https:\/\/imprimeideas.es\/en\/wp-json\/wp\/v2\/product\/30280\/revisions"}],"predecessor-version":[{"id":59261,"href":"https:\/\/imprimeideas.es\/en\/wp-json\/wp\/v2\/product\/30280\/revisions\/59261"}],"wp:featuredmedia":[{"embeddable":true,"href":"https:\/\/imprimeideas.es\/en\/wp-json\/wp\/v2\/media\/61899"}],"wp:attachment":[{"href":"https:\/\/imprimeideas.es\/en\/wp-json\/wp\/v2\/media?parent=30280"}],"wp:term":[{"taxonomy":"product_brand","embeddable":true,"href":"https:\/\/imprimeideas.es\/en\/wp-json\/wp\/v2\/product_brand?post=30280"},{"taxonomy":"product_cat","embeddable":true,"href":"https:\/\/imprimeideas.es\/en\/wp-json\/wp\/v2\/product_cat?post=30280"},{"taxonomy":"product_tag","embeddable":true,"href":"https:\/\/imprimeideas.es\/en\/wp-json\/wp\/v2\/product_tag?post=30280"}],"curies":[{"name":"wp","href":"https:\/\/api.w.org\/{rel}","templated":true}]}}