{"id":30278,"date":"2026-02-24T11:01:14","date_gmt":"2026-02-24T10:01:14","guid":{"rendered":"https:\/\/imprimeideas.es\/?post_type=product&p=30278"},"modified":"2026-02-26T18:33:04","modified_gmt":"2026-02-26T17:33:04","slug":"carpeta-vimaz","status":"publish","type":"product","link":"https:\/\/imprimeideas.es\/en\/product\/carpeta-vimaz\/","title":{"rendered":"Carpeta Vimaz"},"content":{"rendered":"<p>Carpeta con original cierre el\u00e1stico en resistente cart\u00f3n reciclado de acabado r\u00edgido con costuras de refuerzo. Interior con bloc extra\u00edble de 20 hojas con distribuci\u00f3n a una raya, bolsillo triangular de solapa y soporte para bol\u00edgrafo.<\/p>","protected":false},"excerpt":{"rendered":"<p>Bloc 20 Hojas<\/p>","protected":false},"featured_media":69654,"comment_status":"open","ping_status":"open","template":"","meta":{"inline_featured_image":false},"product_brand":[],"product_cat":[122,96],"product_tag":[],"class_list":{"0":"post-30278","1":"product","2":"type-product","3":"status-publish","4":"has-post-thumbnail","6":"product_cat-articulos-sostenibles","7":"product_cat-oficina-y-negocios","9":"first","10":"instock","11":"taxable","12":"shipping-taxable","13":"purchasable","14":"product-type-variable","15":"has-default-attributes"},"aioseo_notices":[],"_links":{"self":[{"href":"https:\/\/imprimeideas.es\/en\/wp-json\/wp\/v2\/product\/30278","targetHints":{"allow":["GET"]}}],"collection":[{"href":"https:\/\/imprimeideas.es\/en\/wp-json\/wp\/v2\/product"}],"about":[{"href":"https:\/\/imprimeideas.es\/en\/wp-json\/wp\/v2\/types\/product"}],"replies":[{"embeddable":true,"href":"https:\/\/imprimeideas.es\/en\/wp-json\/wp\/v2\/comments?post=30278"}],"version-history":[{"count":1,"href":"https:\/\/imprimeideas.es\/en\/wp-json\/wp\/v2\/product\/30278\/revisions"}],"predecessor-version":[{"id":59260,"href":"https:\/\/imprimeideas.es\/en\/wp-json\/wp\/v2\/product\/30278\/revisions\/59260"}],"wp:featuredmedia":[{"embeddable":true,"href":"https:\/\/imprimeideas.es\/en\/wp-json\/wp\/v2\/media\/69654"}],"wp:attachment":[{"href":"https:\/\/imprimeideas.es\/en\/wp-json\/wp\/v2\/media?parent=30278"}],"wp:term":[{"taxonomy":"product_brand","embeddable":true,"href":"https:\/\/imprimeideas.es\/en\/wp-json\/wp\/v2\/product_brand?post=30278"},{"taxonomy":"product_cat","embeddable":true,"href":"https:\/\/imprimeideas.es\/en\/wp-json\/wp\/v2\/product_cat?post=30278"},{"taxonomy":"product_tag","embeddable":true,"href":"https:\/\/imprimeideas.es\/en\/wp-json\/wp\/v2\/product_tag?post=30278"}],"curies":[{"name":"wp","href":"https:\/\/api.w.org\/{rel}","templated":true}]}}