{"id":30250,"date":"2026-02-24T11:01:13","date_gmt":"2026-02-24T10:01:13","guid":{"rendered":"https:\/\/imprimeideas.es\/?post_type=product&p=30250"},"modified":"2026-02-26T18:19:33","modified_gmt":"2026-02-26T17:19:33","slug":"bidon-boxter","status":"publish","type":"product","link":"https:\/\/imprimeideas.es\/en\/product\/bidon-boxter\/","title":{"rendered":"Bid\u00f3n Boxter"},"content":{"rendered":"<p>Bid\u00f3n de 400ml de capacidad con cuerpo flexible en material PET de vivos colores . Con tap\u00f3n de seguridad a rosca y mosquet\u00f3n met\u00e1lico de transporte a juego. Disponible manual de instrucciones en espa\u00f1ol e ingl\u00e9s.<\/p>","protected":false},"excerpt":{"rendered":"<p>400 ml<\/p>","protected":false},"featured_media":69619,"comment_status":"open","ping_status":"open","template":"","meta":{"inline_featured_image":false},"product_brand":[],"product_cat":[108,97],"product_tag":[],"class_list":{"0":"post-30250","1":"product","2":"type-product","3":"status-publish","4":"has-post-thumbnail","6":"product_cat-infantil","7":"product_cat-tazas-jarras-y-termos","9":"first","10":"instock","11":"taxable","12":"shipping-taxable","13":"purchasable","14":"product-type-variable","15":"has-default-attributes"},"aioseo_notices":[],"_links":{"self":[{"href":"https:\/\/imprimeideas.es\/en\/wp-json\/wp\/v2\/product\/30250","targetHints":{"allow":["GET"]}}],"collection":[{"href":"https:\/\/imprimeideas.es\/en\/wp-json\/wp\/v2\/product"}],"about":[{"href":"https:\/\/imprimeideas.es\/en\/wp-json\/wp\/v2\/types\/product"}],"replies":[{"embeddable":true,"href":"https:\/\/imprimeideas.es\/en\/wp-json\/wp\/v2\/comments?post=30250"}],"version-history":[{"count":1,"href":"https:\/\/imprimeideas.es\/en\/wp-json\/wp\/v2\/product\/30250\/revisions"}],"predecessor-version":[{"id":59255,"href":"https:\/\/imprimeideas.es\/en\/wp-json\/wp\/v2\/product\/30250\/revisions\/59255"}],"wp:featuredmedia":[{"embeddable":true,"href":"https:\/\/imprimeideas.es\/en\/wp-json\/wp\/v2\/media\/69619"}],"wp:attachment":[{"href":"https:\/\/imprimeideas.es\/en\/wp-json\/wp\/v2\/media?parent=30250"}],"wp:term":[{"taxonomy":"product_brand","embeddable":true,"href":"https:\/\/imprimeideas.es\/en\/wp-json\/wp\/v2\/product_brand?post=30250"},{"taxonomy":"product_cat","embeddable":true,"href":"https:\/\/imprimeideas.es\/en\/wp-json\/wp\/v2\/product_cat?post=30250"},{"taxonomy":"product_tag","embeddable":true,"href":"https:\/\/imprimeideas.es\/en\/wp-json\/wp\/v2\/product_tag?post=30250"}],"curies":[{"name":"wp","href":"https:\/\/api.w.org\/{rel}","templated":true}]}}