{"id":30203,"date":"2026-02-24T11:01:10","date_gmt":"2026-02-24T10:01:10","guid":{"rendered":"https:\/\/imprimeideas.es\/?post_type=product&p=30203"},"modified":"2026-02-26T18:42:39","modified_gmt":"2026-02-26T17:42:39","slug":"paraguas-elmer","status":"publish","type":"product","link":"https:\/\/imprimeideas.es\/en\/product\/paraguas-elmer\/","title":{"rendered":"Paraguas Elmer"},"content":{"rendered":"<p>Paraguas plegable de alta calidad de 8 paneles en sobrios colores. De 98cm de di\u00e1metro, con apertura autom\u00e1tica y en resistente material pongee. Con varillas met\u00e1licas en color negro, cierre de velcro y mango ergon\u00f3mico de EVA con cinta de transporte. Presentado en funda individual a juego con cinta de transporte y cierre con accesorio de ajuste.<\/p>","protected":false},"excerpt":{"rendered":"<p>21&#8243;. Autom\u00e1tico. Mango Ergon\u00f3mico EVA. Funda Pongee<\/p>","protected":false},"featured_media":79455,"comment_status":"open","ping_status":"open","template":"","meta":{"inline_featured_image":false},"product_brand":[],"product_cat":[118],"product_tag":[],"class_list":{"0":"post-30203","1":"product","2":"type-product","3":"status-publish","4":"has-post-thumbnail","6":"product_cat-lluvia-y-frio","8":"first","9":"instock","10":"taxable","11":"shipping-taxable","12":"purchasable","13":"product-type-variable","14":"has-default-attributes"},"aioseo_notices":[],"_links":{"self":[{"href":"https:\/\/imprimeideas.es\/en\/wp-json\/wp\/v2\/product\/30203","targetHints":{"allow":["GET"]}}],"collection":[{"href":"https:\/\/imprimeideas.es\/en\/wp-json\/wp\/v2\/product"}],"about":[{"href":"https:\/\/imprimeideas.es\/en\/wp-json\/wp\/v2\/types\/product"}],"replies":[{"embeddable":true,"href":"https:\/\/imprimeideas.es\/en\/wp-json\/wp\/v2\/comments?post=30203"}],"version-history":[{"count":1,"href":"https:\/\/imprimeideas.es\/en\/wp-json\/wp\/v2\/product\/30203\/revisions"}],"predecessor-version":[{"id":59246,"href":"https:\/\/imprimeideas.es\/en\/wp-json\/wp\/v2\/product\/30203\/revisions\/59246"}],"wp:featuredmedia":[{"embeddable":true,"href":"https:\/\/imprimeideas.es\/en\/wp-json\/wp\/v2\/media\/79455"}],"wp:attachment":[{"href":"https:\/\/imprimeideas.es\/en\/wp-json\/wp\/v2\/media?parent=30203"}],"wp:term":[{"taxonomy":"product_brand","embeddable":true,"href":"https:\/\/imprimeideas.es\/en\/wp-json\/wp\/v2\/product_brand?post=30203"},{"taxonomy":"product_cat","embeddable":true,"href":"https:\/\/imprimeideas.es\/en\/wp-json\/wp\/v2\/product_cat?post=30203"},{"taxonomy":"product_tag","embeddable":true,"href":"https:\/\/imprimeideas.es\/en\/wp-json\/wp\/v2\/product_tag?post=30203"}],"curies":[{"name":"wp","href":"https:\/\/api.w.org\/{rel}","templated":true}]}}