{"id":30194,"date":"2026-02-24T11:01:09","date_gmt":"2026-02-24T10:01:09","guid":{"rendered":"https:\/\/imprimeideas.es\/?post_type=product&p=30194"},"modified":"2026-02-25T23:42:18","modified_gmt":"2026-02-25T22:42:18","slug":"auriculares-cort","status":"publish","type":"product","link":"https:\/\/imprimeideas.es\/en\/product\/auriculares-cort\/","title":{"rendered":"Auriculares Cort"},"content":{"rendered":"<p>Pr\u00e1cticos y confortables auriculares intraurales de desenfadado dise\u00f1o bicolor, conexi\u00f3n jack de 3,5mm y cable en color a juego. Disponible en variada gama de colores. Presentados en elegante estuche de dise\u00f1o y con almohadillas de recambio.<\/p>","protected":false},"excerpt":{"rendered":"<p>Conexi\u00f3n Jack 3,5 mm<\/p>","protected":false},"featured_media":30828,"comment_status":"open","ping_status":"open","template":"","meta":{"inline_featured_image":false},"product_brand":[],"product_cat":[95],"product_tag":[],"class_list":{"0":"post-30194","1":"product","2":"type-product","3":"status-publish","4":"has-post-thumbnail","6":"product_cat-tecnologia-y-accesorios","8":"first","9":"outofstock","10":"taxable","11":"shipping-taxable","12":"purchasable","13":"product-type-variable","14":"has-default-attributes"},"aioseo_notices":[],"_links":{"self":[{"href":"https:\/\/imprimeideas.es\/en\/wp-json\/wp\/v2\/product\/30194","targetHints":{"allow":["GET"]}}],"collection":[{"href":"https:\/\/imprimeideas.es\/en\/wp-json\/wp\/v2\/product"}],"about":[{"href":"https:\/\/imprimeideas.es\/en\/wp-json\/wp\/v2\/types\/product"}],"replies":[{"embeddable":true,"href":"https:\/\/imprimeideas.es\/en\/wp-json\/wp\/v2\/comments?post=30194"}],"version-history":[{"count":1,"href":"https:\/\/imprimeideas.es\/en\/wp-json\/wp\/v2\/product\/30194\/revisions"}],"predecessor-version":[{"id":59245,"href":"https:\/\/imprimeideas.es\/en\/wp-json\/wp\/v2\/product\/30194\/revisions\/59245"}],"wp:featuredmedia":[{"embeddable":true,"href":"https:\/\/imprimeideas.es\/en\/wp-json\/wp\/v2\/media\/30828"}],"wp:attachment":[{"href":"https:\/\/imprimeideas.es\/en\/wp-json\/wp\/v2\/media?parent=30194"}],"wp:term":[{"taxonomy":"product_brand","embeddable":true,"href":"https:\/\/imprimeideas.es\/en\/wp-json\/wp\/v2\/product_brand?post=30194"},{"taxonomy":"product_cat","embeddable":true,"href":"https:\/\/imprimeideas.es\/en\/wp-json\/wp\/v2\/product_cat?post=30194"},{"taxonomy":"product_tag","embeddable":true,"href":"https:\/\/imprimeideas.es\/en\/wp-json\/wp\/v2\/product_tag?post=30194"}],"curies":[{"name":"wp","href":"https:\/\/api.w.org\/{rel}","templated":true}]}}