{"id":30186,"date":"2026-02-24T11:01:09","date_gmt":"2026-02-24T10:01:09","guid":{"rendered":"https:\/\/imprimeideas.es\/?post_type=product&p=30186"},"modified":"2026-02-25T20:07:09","modified_gmt":"2026-02-25T19:07:09","slug":"boligrafo-fokus","status":"publish","type":"product","link":"https:\/\/imprimeideas.es\/en\/product\/boligrafo-fokus\/","title":{"rendered":"Bol\u00edgrafo Fokus"},"content":{"rendered":"<p>Original bol\u00edgrafo de mecanismo pulsador en elegante dise\u00f1o bicolor. Con cuerpo troquelado en aluminio de suave acabado en variados colores. Original clip curvado, anillas y punta en plateado. De cartucho jumbo y tinta azul.<\/p>","protected":false},"excerpt":{"rendered":"<p>Carga Jumbo<\/p>","protected":false},"featured_media":71550,"comment_status":"open","ping_status":"open","template":"","meta":{"inline_featured_image":false},"product_brand":[],"product_cat":[100,128],"product_tag":[],"class_list":{"0":"post-30186","1":"product","2":"type-product","3":"status-publish","4":"has-post-thumbnail","6":"product_cat-escritura","7":"product_cat-outlet","9":"first","10":"outofstock","11":"taxable","12":"shipping-taxable","13":"purchasable","14":"product-type-variable","15":"has-default-attributes"},"aioseo_notices":[],"_links":{"self":[{"href":"https:\/\/imprimeideas.es\/en\/wp-json\/wp\/v2\/product\/30186","targetHints":{"allow":["GET"]}}],"collection":[{"href":"https:\/\/imprimeideas.es\/en\/wp-json\/wp\/v2\/product"}],"about":[{"href":"https:\/\/imprimeideas.es\/en\/wp-json\/wp\/v2\/types\/product"}],"replies":[{"embeddable":true,"href":"https:\/\/imprimeideas.es\/en\/wp-json\/wp\/v2\/comments?post=30186"}],"version-history":[{"count":1,"href":"https:\/\/imprimeideas.es\/en\/wp-json\/wp\/v2\/product\/30186\/revisions"}],"predecessor-version":[{"id":59243,"href":"https:\/\/imprimeideas.es\/en\/wp-json\/wp\/v2\/product\/30186\/revisions\/59243"}],"wp:featuredmedia":[{"embeddable":true,"href":"https:\/\/imprimeideas.es\/en\/wp-json\/wp\/v2\/media\/71550"}],"wp:attachment":[{"href":"https:\/\/imprimeideas.es\/en\/wp-json\/wp\/v2\/media?parent=30186"}],"wp:term":[{"taxonomy":"product_brand","embeddable":true,"href":"https:\/\/imprimeideas.es\/en\/wp-json\/wp\/v2\/product_brand?post=30186"},{"taxonomy":"product_cat","embeddable":true,"href":"https:\/\/imprimeideas.es\/en\/wp-json\/wp\/v2\/product_cat?post=30186"},{"taxonomy":"product_tag","embeddable":true,"href":"https:\/\/imprimeideas.es\/en\/wp-json\/wp\/v2\/product_tag?post=30186"}],"curies":[{"name":"wp","href":"https:\/\/api.w.org\/{rel}","templated":true}]}}