{"id":30184,"date":"2026-02-24T11:01:09","date_gmt":"2026-02-24T10:01:09","guid":{"rendered":"https:\/\/imprimeideas.es\/?post_type=product&p=30184"},"modified":"2026-02-26T18:28:06","modified_gmt":"2026-02-26T17:28:06","slug":"carpeta-index","status":"publish","type":"product","link":"https:\/\/imprimeideas.es\/en\/product\/carpeta-index\/","title":{"rendered":"Carpeta Index"},"content":{"rendered":"<p>Elegante portadocumentos de cierre de cremallera acabado en suave microfibra. Interior con bloc extra\u00edble de 20 hojas de distribuci\u00f3n a una raya, bosillo de cremallera, bolsillo solapa, tarjeteros y soporte para bol\u00edgrafo. Con elegante chapa met\u00e1lica en frontal para marcaje en l\u00e1ser.<\/p>","protected":false},"excerpt":{"rendered":"<p>Bloc 20 Hojas<\/p>","protected":false},"featured_media":69843,"comment_status":"open","ping_status":"open","template":"","meta":{"inline_featured_image":false},"product_brand":[],"product_cat":[96],"product_tag":[],"class_list":{"0":"post-30184","1":"product","2":"type-product","3":"status-publish","4":"has-post-thumbnail","6":"product_cat-oficina-y-negocios","8":"first","9":"instock","10":"taxable","11":"shipping-taxable","12":"purchasable","13":"product-type-variable","14":"has-default-attributes"},"aioseo_notices":[],"_links":{"self":[{"href":"https:\/\/imprimeideas.es\/en\/wp-json\/wp\/v2\/product\/30184","targetHints":{"allow":["GET"]}}],"collection":[{"href":"https:\/\/imprimeideas.es\/en\/wp-json\/wp\/v2\/product"}],"about":[{"href":"https:\/\/imprimeideas.es\/en\/wp-json\/wp\/v2\/types\/product"}],"replies":[{"embeddable":true,"href":"https:\/\/imprimeideas.es\/en\/wp-json\/wp\/v2\/comments?post=30184"}],"version-history":[{"count":1,"href":"https:\/\/imprimeideas.es\/en\/wp-json\/wp\/v2\/product\/30184\/revisions"}],"predecessor-version":[{"id":59242,"href":"https:\/\/imprimeideas.es\/en\/wp-json\/wp\/v2\/product\/30184\/revisions\/59242"}],"wp:featuredmedia":[{"embeddable":true,"href":"https:\/\/imprimeideas.es\/en\/wp-json\/wp\/v2\/media\/69843"}],"wp:attachment":[{"href":"https:\/\/imprimeideas.es\/en\/wp-json\/wp\/v2\/media?parent=30184"}],"wp:term":[{"taxonomy":"product_brand","embeddable":true,"href":"https:\/\/imprimeideas.es\/en\/wp-json\/wp\/v2\/product_brand?post=30184"},{"taxonomy":"product_cat","embeddable":true,"href":"https:\/\/imprimeideas.es\/en\/wp-json\/wp\/v2\/product_cat?post=30184"},{"taxonomy":"product_tag","embeddable":true,"href":"https:\/\/imprimeideas.es\/en\/wp-json\/wp\/v2\/product_tag?post=30184"}],"curies":[{"name":"wp","href":"https:\/\/api.w.org\/{rel}","templated":true}]}}