{"id":30173,"date":"2026-02-24T11:01:08","date_gmt":"2026-02-24T10:01:08","guid":{"rendered":"https:\/\/imprimeideas.es\/?post_type=product&p=30173"},"modified":"2026-02-26T18:19:19","modified_gmt":"2026-02-26T17:19:19","slug":"boligrafo-zonet","status":"publish","type":"product","link":"https:\/\/imprimeideas.es\/en\/product\/boligrafo-zonet\/","title":{"rendered":"Bol\u00edgrafo Zonet"},"content":{"rendered":"<p>Bol\u00edgrafo fabricado en resistente ABS con mecanismo pulsador. Original dise\u00f1o bicolor de llamativos y variados colores frosted en un suave acabado, con c\u00f3moda empu\u00f1adura a juego. Tinta azul.<\/p>","protected":false},"excerpt":{"rendered":"<p>Bol\u00edgrafo fabricado en resistente ABS con mecanismo pulsador. Original dise\u00f1o bicolor de llamativos y variados colores frosted en un suave<\/p>","protected":false},"featured_media":74236,"comment_status":"open","ping_status":"open","template":"","meta":{"inline_featured_image":false},"product_brand":[],"product_cat":[100],"product_tag":[],"class_list":{"0":"post-30173","1":"product","2":"type-product","3":"status-publish","4":"has-post-thumbnail","6":"product_cat-escritura","8":"first","9":"instock","10":"taxable","11":"shipping-taxable","12":"purchasable","13":"product-type-variable","14":"has-default-attributes"},"aioseo_notices":[],"_links":{"self":[{"href":"https:\/\/imprimeideas.es\/en\/wp-json\/wp\/v2\/product\/30173","targetHints":{"allow":["GET"]}}],"collection":[{"href":"https:\/\/imprimeideas.es\/en\/wp-json\/wp\/v2\/product"}],"about":[{"href":"https:\/\/imprimeideas.es\/en\/wp-json\/wp\/v2\/types\/product"}],"replies":[{"embeddable":true,"href":"https:\/\/imprimeideas.es\/en\/wp-json\/wp\/v2\/comments?post=30173"}],"version-history":[{"count":1,"href":"https:\/\/imprimeideas.es\/en\/wp-json\/wp\/v2\/product\/30173\/revisions"}],"predecessor-version":[{"id":59241,"href":"https:\/\/imprimeideas.es\/en\/wp-json\/wp\/v2\/product\/30173\/revisions\/59241"}],"wp:featuredmedia":[{"embeddable":true,"href":"https:\/\/imprimeideas.es\/en\/wp-json\/wp\/v2\/media\/74236"}],"wp:attachment":[{"href":"https:\/\/imprimeideas.es\/en\/wp-json\/wp\/v2\/media?parent=30173"}],"wp:term":[{"taxonomy":"product_brand","embeddable":true,"href":"https:\/\/imprimeideas.es\/en\/wp-json\/wp\/v2\/product_brand?post=30173"},{"taxonomy":"product_cat","embeddable":true,"href":"https:\/\/imprimeideas.es\/en\/wp-json\/wp\/v2\/product_cat?post=30173"},{"taxonomy":"product_tag","embeddable":true,"href":"https:\/\/imprimeideas.es\/en\/wp-json\/wp\/v2\/product_tag?post=30173"}],"curies":[{"name":"wp","href":"https:\/\/api.w.org\/{rel}","templated":true}]}}