{"id":30134,"date":"2026-02-24T11:01:06","date_gmt":"2026-02-24T10:01:06","guid":{"rendered":"https:\/\/imprimeideas.es\/?post_type=product&p=30134"},"modified":"2026-02-26T18:37:37","modified_gmt":"2026-02-26T17:37:37","slug":"libreta-tunel","status":"publish","type":"product","link":"https:\/\/imprimeideas.es\/en\/product\/libreta-tunel\/","title":{"rendered":"Libreta Tunel"},"content":{"rendered":"<p>Libreta de anillas de l\u00ednea nature fabricada en cart\u00f3n reciclado. Con tapas duras de colores bitonos en color natural y extensa variedad de colores. Cuenta con un el\u00e1stico de cierre, soporte para bol\u00edgrafo a juego y bol\u00edgrafo de cart\u00f3n reciclado<\/p>","protected":false},"excerpt":{"rendered":"<p>Portada R\u00edgida. 60 Hojas. Bol\u00edgrafo Cart\u00f3n Reciclado Incluido<\/p>","protected":false},"featured_media":73743,"comment_status":"open","ping_status":"open","template":"","meta":{"inline_featured_image":false},"product_brand":[],"product_cat":[122,108,96],"product_tag":[],"class_list":{"0":"post-30134","1":"product","2":"type-product","3":"status-publish","4":"has-post-thumbnail","6":"product_cat-articulos-sostenibles","7":"product_cat-infantil","8":"product_cat-oficina-y-negocios","10":"first","11":"instock","12":"taxable","13":"shipping-taxable","14":"purchasable","15":"product-type-variable","16":"has-default-attributes"},"aioseo_notices":[],"_links":{"self":[{"href":"https:\/\/imprimeideas.es\/en\/wp-json\/wp\/v2\/product\/30134","targetHints":{"allow":["GET"]}}],"collection":[{"href":"https:\/\/imprimeideas.es\/en\/wp-json\/wp\/v2\/product"}],"about":[{"href":"https:\/\/imprimeideas.es\/en\/wp-json\/wp\/v2\/types\/product"}],"replies":[{"embeddable":true,"href":"https:\/\/imprimeideas.es\/en\/wp-json\/wp\/v2\/comments?post=30134"}],"version-history":[{"count":1,"href":"https:\/\/imprimeideas.es\/en\/wp-json\/wp\/v2\/product\/30134\/revisions"}],"predecessor-version":[{"id":59231,"href":"https:\/\/imprimeideas.es\/en\/wp-json\/wp\/v2\/product\/30134\/revisions\/59231"}],"wp:featuredmedia":[{"embeddable":true,"href":"https:\/\/imprimeideas.es\/en\/wp-json\/wp\/v2\/media\/73743"}],"wp:attachment":[{"href":"https:\/\/imprimeideas.es\/en\/wp-json\/wp\/v2\/media?parent=30134"}],"wp:term":[{"taxonomy":"product_brand","embeddable":true,"href":"https:\/\/imprimeideas.es\/en\/wp-json\/wp\/v2\/product_brand?post=30134"},{"taxonomy":"product_cat","embeddable":true,"href":"https:\/\/imprimeideas.es\/en\/wp-json\/wp\/v2\/product_cat?post=30134"},{"taxonomy":"product_tag","embeddable":true,"href":"https:\/\/imprimeideas.es\/en\/wp-json\/wp\/v2\/product_tag?post=30134"}],"curies":[{"name":"wp","href":"https:\/\/api.w.org\/{rel}","templated":true}]}}