{"id":30046,"date":"2026-02-24T11:00:25","date_gmt":"2026-02-24T10:00:25","guid":{"rendered":"https:\/\/imprimeideas.es\/?post_type=product&p=30046"},"modified":"2026-02-26T18:37:27","modified_gmt":"2026-02-26T17:37:27","slug":"caja-lapices-dragon","status":"publish","type":"product","link":"https:\/\/imprimeideas.es\/en\/product\/caja-lapices-dragon\/","title":{"rendered":"Caja L\u00e1pices Dragon"},"content":{"rendered":"<p>Set de 6 l\u00e1pices en estuche de madera natural. L\u00e1pices en madera, con cuerpo redondo de acabado natural y minas en colores variada gama de vivos colores. Tapa de cierre anti deslizante con regla integrada de 20cm.<\/p>","protected":false},"excerpt":{"rendered":"<p>6 L\u00e1pices<\/p>","protected":false},"featured_media":66359,"comment_status":"open","ping_status":"open","template":"","meta":{"inline_featured_image":false},"product_brand":[],"product_cat":[122,100,108],"product_tag":[],"class_list":{"0":"post-30046","1":"product","2":"type-product","3":"status-publish","4":"has-post-thumbnail","6":"product_cat-articulos-sostenibles","7":"product_cat-escritura","8":"product_cat-infantil","10":"first","11":"instock","12":"taxable","13":"shipping-taxable","14":"purchasable","15":"product-type-variable","16":"has-default-attributes"},"aioseo_notices":[],"_links":{"self":[{"href":"https:\/\/imprimeideas.es\/en\/wp-json\/wp\/v2\/product\/30046","targetHints":{"allow":["GET"]}}],"collection":[{"href":"https:\/\/imprimeideas.es\/en\/wp-json\/wp\/v2\/product"}],"about":[{"href":"https:\/\/imprimeideas.es\/en\/wp-json\/wp\/v2\/types\/product"}],"replies":[{"embeddable":true,"href":"https:\/\/imprimeideas.es\/en\/wp-json\/wp\/v2\/comments?post=30046"}],"version-history":[{"count":1,"href":"https:\/\/imprimeideas.es\/en\/wp-json\/wp\/v2\/product\/30046\/revisions"}],"predecessor-version":[{"id":59220,"href":"https:\/\/imprimeideas.es\/en\/wp-json\/wp\/v2\/product\/30046\/revisions\/59220"}],"wp:featuredmedia":[{"embeddable":true,"href":"https:\/\/imprimeideas.es\/en\/wp-json\/wp\/v2\/media\/66359"}],"wp:attachment":[{"href":"https:\/\/imprimeideas.es\/en\/wp-json\/wp\/v2\/media?parent=30046"}],"wp:term":[{"taxonomy":"product_brand","embeddable":true,"href":"https:\/\/imprimeideas.es\/en\/wp-json\/wp\/v2\/product_brand?post=30046"},{"taxonomy":"product_cat","embeddable":true,"href":"https:\/\/imprimeideas.es\/en\/wp-json\/wp\/v2\/product_cat?post=30046"},{"taxonomy":"product_tag","embeddable":true,"href":"https:\/\/imprimeideas.es\/en\/wp-json\/wp\/v2\/product_tag?post=30046"}],"curies":[{"name":"wp","href":"https:\/\/api.w.org\/{rel}","templated":true}]}}