{"id":30029,"date":"2026-02-24T11:00:24","date_gmt":"2026-02-24T10:00:24","guid":{"rendered":"https:\/\/imprimeideas.es\/?post_type=product&p=30029"},"modified":"2026-02-26T18:19:32","modified_gmt":"2026-02-26T17:19:32","slug":"lector-tarjetas-hades","status":"publish","type":"product","link":"https:\/\/imprimeideas.es\/en\/product\/lector-tarjetas-hades\/","title":{"rendered":"Lector Tarjetas Hades"},"content":{"rendered":"<p>Completo lector de tarjetas con conexi\u00f3n USB 2.0. De dise\u00f1o cuadrado, en variados colores y compatible con pr\u00e1cticamente todos los formatos de tarjeta de memoria existentes en el mercado: M2, MS Duo, MS Pro Duo, MS, MS Pro, MicroSD, MiniSD, RSmmC, SD,mmC. Presentado en caja individual.<\/p>","protected":false},"excerpt":{"rendered":"<p>USB 2.0. Tarjetas: M2, MS Duo, MS Pro Duo, MS, MS Pro, MicroSD, MiniSD, RS MMC, SD, MMC<\/p>","protected":false},"featured_media":80166,"comment_status":"open","ping_status":"open","template":"","meta":{"inline_featured_image":false},"product_brand":[],"product_cat":[128,95],"product_tag":[],"class_list":{"0":"post-30029","1":"product","2":"type-product","3":"status-publish","4":"has-post-thumbnail","6":"product_cat-outlet","7":"product_cat-tecnologia-y-accesorios","9":"first","10":"instock","11":"taxable","12":"shipping-taxable","13":"purchasable","14":"product-type-variable","15":"has-default-attributes"},"aioseo_notices":[],"_links":{"self":[{"href":"https:\/\/imprimeideas.es\/en\/wp-json\/wp\/v2\/product\/30029","targetHints":{"allow":["GET"]}}],"collection":[{"href":"https:\/\/imprimeideas.es\/en\/wp-json\/wp\/v2\/product"}],"about":[{"href":"https:\/\/imprimeideas.es\/en\/wp-json\/wp\/v2\/types\/product"}],"replies":[{"embeddable":true,"href":"https:\/\/imprimeideas.es\/en\/wp-json\/wp\/v2\/comments?post=30029"}],"version-history":[{"count":1,"href":"https:\/\/imprimeideas.es\/en\/wp-json\/wp\/v2\/product\/30029\/revisions"}],"predecessor-version":[{"id":59218,"href":"https:\/\/imprimeideas.es\/en\/wp-json\/wp\/v2\/product\/30029\/revisions\/59218"}],"wp:featuredmedia":[{"embeddable":true,"href":"https:\/\/imprimeideas.es\/en\/wp-json\/wp\/v2\/media\/80166"}],"wp:attachment":[{"href":"https:\/\/imprimeideas.es\/en\/wp-json\/wp\/v2\/media?parent=30029"}],"wp:term":[{"taxonomy":"product_brand","embeddable":true,"href":"https:\/\/imprimeideas.es\/en\/wp-json\/wp\/v2\/product_brand?post=30029"},{"taxonomy":"product_cat","embeddable":true,"href":"https:\/\/imprimeideas.es\/en\/wp-json\/wp\/v2\/product_cat?post=30029"},{"taxonomy":"product_tag","embeddable":true,"href":"https:\/\/imprimeideas.es\/en\/wp-json\/wp\/v2\/product_tag?post=30029"}],"curies":[{"name":"wp","href":"https:\/\/api.w.org\/{rel}","templated":true}]}}