{"id":30018,"date":"2026-02-24T11:00:23","date_gmt":"2026-02-24T10:00:23","guid":{"rendered":"https:\/\/imprimeideas.es\/?post_type=product&p=30018"},"modified":"2026-02-26T18:19:19","modified_gmt":"2026-02-26T17:19:19","slug":"bolsa-plegable-corni","status":"publish","type":"product","link":"https:\/\/imprimeideas.es\/en\/product\/bolsa-plegable-corni\/","title":{"rendered":"Bolsa Plegable Corni"},"content":{"rendered":"<p>Bolsa plegable de divertidos dise\u00f1os de frutas en llamativos colores. De suave poli\u00e9ster 190T, con cord\u00f3n y accesorio de ajuste.<\/p>","protected":false},"excerpt":{"rendered":"<p>Bolsa plegable de divertidos dise\u00f1os de frutas en llamativos colores. De suave poli\u00e9ster 190T, con cord\u00f3n y accesorio de ajuste.<\/p>","protected":false},"featured_media":74511,"comment_status":"open","ping_status":"open","template":"","meta":{"inline_featured_image":false},"product_brand":[],"product_cat":[99],"product_tag":[],"class_list":{"0":"post-30018","1":"product","2":"type-product","3":"status-publish","4":"has-post-thumbnail","6":"product_cat-bolsas","8":"first","9":"instock","10":"taxable","11":"shipping-taxable","12":"purchasable","13":"product-type-variable","14":"has-default-attributes"},"aioseo_notices":[],"_links":{"self":[{"href":"https:\/\/imprimeideas.es\/en\/wp-json\/wp\/v2\/product\/30018","targetHints":{"allow":["GET"]}}],"collection":[{"href":"https:\/\/imprimeideas.es\/en\/wp-json\/wp\/v2\/product"}],"about":[{"href":"https:\/\/imprimeideas.es\/en\/wp-json\/wp\/v2\/types\/product"}],"replies":[{"embeddable":true,"href":"https:\/\/imprimeideas.es\/en\/wp-json\/wp\/v2\/comments?post=30018"}],"version-history":[{"count":1,"href":"https:\/\/imprimeideas.es\/en\/wp-json\/wp\/v2\/product\/30018\/revisions"}],"predecessor-version":[{"id":59216,"href":"https:\/\/imprimeideas.es\/en\/wp-json\/wp\/v2\/product\/30018\/revisions\/59216"}],"wp:featuredmedia":[{"embeddable":true,"href":"https:\/\/imprimeideas.es\/en\/wp-json\/wp\/v2\/media\/74511"}],"wp:attachment":[{"href":"https:\/\/imprimeideas.es\/en\/wp-json\/wp\/v2\/media?parent=30018"}],"wp:term":[{"taxonomy":"product_brand","embeddable":true,"href":"https:\/\/imprimeideas.es\/en\/wp-json\/wp\/v2\/product_brand?post=30018"},{"taxonomy":"product_cat","embeddable":true,"href":"https:\/\/imprimeideas.es\/en\/wp-json\/wp\/v2\/product_cat?post=30018"},{"taxonomy":"product_tag","embeddable":true,"href":"https:\/\/imprimeideas.es\/en\/wp-json\/wp\/v2\/product_tag?post=30018"}],"curies":[{"name":"wp","href":"https:\/\/api.w.org\/{rel}","templated":true}]}}