{"id":30001,"date":"2026-02-24T11:00:22","date_gmt":"2026-02-24T10:00:22","guid":{"rendered":"https:\/\/imprimeideas.es\/?post_type=product&p=30001"},"modified":"2026-02-26T18:13:35","modified_gmt":"2026-02-26T17:13:35","slug":"funda-boligrafo-recycard","status":"publish","type":"product","link":"https:\/\/imprimeideas.es\/en\/product\/funda-boligrafo-recycard\/","title":{"rendered":"Funda Bol\u00edgrafo Recycard"},"content":{"rendered":"<p>Funda para bol\u00edgrafo en resistente cart\u00f3n reciclado de color natural y con dise\u00f1o de ventana.<\/p>","protected":false},"excerpt":{"rendered":"<p>Funda para bol\u00edgrafo en resistente cart\u00f3n reciclado de color natural y con dise\u00f1o de ventana.<\/p>","protected":false},"featured_media":35385,"comment_status":"open","ping_status":"open","template":"","meta":{"inline_featured_image":false},"product_brand":[],"product_cat":[122,287,100],"product_tag":[],"class_list":{"0":"post-30001","1":"product","2":"type-product","3":"status-publish","4":"has-post-thumbnail","6":"product_cat-articulos-sostenibles","7":"product_cat-embalaje-especial","8":"product_cat-escritura","10":"first","11":"instock","12":"taxable","13":"shipping-taxable","14":"purchasable","15":"product-type-variable","16":"has-default-attributes"},"aioseo_notices":[],"_links":{"self":[{"href":"https:\/\/imprimeideas.es\/en\/wp-json\/wp\/v2\/product\/30001","targetHints":{"allow":["GET"]}}],"collection":[{"href":"https:\/\/imprimeideas.es\/en\/wp-json\/wp\/v2\/product"}],"about":[{"href":"https:\/\/imprimeideas.es\/en\/wp-json\/wp\/v2\/types\/product"}],"replies":[{"embeddable":true,"href":"https:\/\/imprimeideas.es\/en\/wp-json\/wp\/v2\/comments?post=30001"}],"version-history":[{"count":1,"href":"https:\/\/imprimeideas.es\/en\/wp-json\/wp\/v2\/product\/30001\/revisions"}],"predecessor-version":[{"id":59212,"href":"https:\/\/imprimeideas.es\/en\/wp-json\/wp\/v2\/product\/30001\/revisions\/59212"}],"wp:featuredmedia":[{"embeddable":true,"href":"https:\/\/imprimeideas.es\/en\/wp-json\/wp\/v2\/media\/35385"}],"wp:attachment":[{"href":"https:\/\/imprimeideas.es\/en\/wp-json\/wp\/v2\/media?parent=30001"}],"wp:term":[{"taxonomy":"product_brand","embeddable":true,"href":"https:\/\/imprimeideas.es\/en\/wp-json\/wp\/v2\/product_brand?post=30001"},{"taxonomy":"product_cat","embeddable":true,"href":"https:\/\/imprimeideas.es\/en\/wp-json\/wp\/v2\/product_cat?post=30001"},{"taxonomy":"product_tag","embeddable":true,"href":"https:\/\/imprimeideas.es\/en\/wp-json\/wp\/v2\/product_tag?post=30001"}],"curies":[{"name":"wp","href":"https:\/\/api.w.org\/{rel}","templated":true}]}}