{"id":29970,"date":"2026-02-24T11:00:20","date_gmt":"2026-02-24T10:00:20","guid":{"rendered":"https:\/\/imprimeideas.es\/?post_type=product&p=29970"},"modified":"2026-02-26T18:23:30","modified_gmt":"2026-02-26T17:23:30","slug":"gorra-nino-sportkid","status":"publish","type":"product","link":"https:\/\/imprimeideas.es\/en\/product\/gorra-nino-sportkid\/","title":{"rendered":"Gorra Ni\u00f1o Sportkid"},"content":{"rendered":"<p>Gorra para ni\u00f1o de 5 paneles de vivos colores. En material 100% algod\u00f3n, con orificios de ventilaci\u00f3n bordados y cierre ajustable de velcro.<\/p>","protected":false},"excerpt":{"rendered":"<p>5 Paneles. Cierre Velcro<\/p>","protected":false},"featured_media":77820,"comment_status":"open","ping_status":"open","template":"","meta":{"inline_featured_image":false},"product_brand":[],"product_cat":[112,108],"product_tag":[],"class_list":{"0":"post-29970","1":"product","2":"type-product","3":"status-publish","4":"has-post-thumbnail","6":"product_cat-gorras-y-sombreros","7":"product_cat-infantil","9":"first","10":"instock","11":"taxable","12":"shipping-taxable","13":"purchasable","14":"product-type-variable","15":"has-default-attributes"},"aioseo_notices":[],"_links":{"self":[{"href":"https:\/\/imprimeideas.es\/en\/wp-json\/wp\/v2\/product\/29970","targetHints":{"allow":["GET"]}}],"collection":[{"href":"https:\/\/imprimeideas.es\/en\/wp-json\/wp\/v2\/product"}],"about":[{"href":"https:\/\/imprimeideas.es\/en\/wp-json\/wp\/v2\/types\/product"}],"replies":[{"embeddable":true,"href":"https:\/\/imprimeideas.es\/en\/wp-json\/wp\/v2\/comments?post=29970"}],"version-history":[{"count":1,"href":"https:\/\/imprimeideas.es\/en\/wp-json\/wp\/v2\/product\/29970\/revisions"}],"predecessor-version":[{"id":59207,"href":"https:\/\/imprimeideas.es\/en\/wp-json\/wp\/v2\/product\/29970\/revisions\/59207"}],"wp:featuredmedia":[{"embeddable":true,"href":"https:\/\/imprimeideas.es\/en\/wp-json\/wp\/v2\/media\/77820"}],"wp:attachment":[{"href":"https:\/\/imprimeideas.es\/en\/wp-json\/wp\/v2\/media?parent=29970"}],"wp:term":[{"taxonomy":"product_brand","embeddable":true,"href":"https:\/\/imprimeideas.es\/en\/wp-json\/wp\/v2\/product_brand?post=29970"},{"taxonomy":"product_cat","embeddable":true,"href":"https:\/\/imprimeideas.es\/en\/wp-json\/wp\/v2\/product_cat?post=29970"},{"taxonomy":"product_tag","embeddable":true,"href":"https:\/\/imprimeideas.es\/en\/wp-json\/wp\/v2\/product_tag?post=29970"}],"curies":[{"name":"wp","href":"https:\/\/api.w.org\/{rel}","templated":true}]}}