{"id":29958,"date":"2026-02-24T11:00:20","date_gmt":"2026-02-24T10:00:20","guid":{"rendered":"https:\/\/imprimeideas.es\/?post_type=product&p=29958"},"modified":"2026-02-26T18:27:54","modified_gmt":"2026-02-26T17:27:54","slug":"peto-wiki","status":"publish","type":"product","link":"https:\/\/imprimeideas.es\/en\/product\/peto-wiki\/","title":{"rendered":"Peto Wiki"},"content":{"rendered":"<p>Peto deportivo para ni\u00f1o en suave y resistente poli\u00e9ster 190T de vivos colores y laterales rematados con el\u00e1sticos. Talla \u00fanica.<\/p>","protected":false},"excerpt":{"rendered":"<p>Talla \u00danica. Ni\u00f1o<\/p>","protected":false},"featured_media":76950,"comment_status":"open","ping_status":"open","template":"","meta":{"inline_featured_image":false},"product_brand":[],"product_cat":[101,108],"product_tag":[],"class_list":{"0":"post-29958","1":"product","2":"type-product","3":"status-publish","4":"has-post-thumbnail","6":"product_cat-deporte-y-aventura","7":"product_cat-infantil","9":"first","10":"instock","11":"taxable","12":"shipping-taxable","13":"purchasable","14":"product-type-variable","15":"has-default-attributes"},"aioseo_notices":[],"_links":{"self":[{"href":"https:\/\/imprimeideas.es\/en\/wp-json\/wp\/v2\/product\/29958","targetHints":{"allow":["GET"]}}],"collection":[{"href":"https:\/\/imprimeideas.es\/en\/wp-json\/wp\/v2\/product"}],"about":[{"href":"https:\/\/imprimeideas.es\/en\/wp-json\/wp\/v2\/types\/product"}],"replies":[{"embeddable":true,"href":"https:\/\/imprimeideas.es\/en\/wp-json\/wp\/v2\/comments?post=29958"}],"version-history":[{"count":1,"href":"https:\/\/imprimeideas.es\/en\/wp-json\/wp\/v2\/product\/29958\/revisions"}],"predecessor-version":[{"id":59203,"href":"https:\/\/imprimeideas.es\/en\/wp-json\/wp\/v2\/product\/29958\/revisions\/59203"}],"wp:featuredmedia":[{"embeddable":true,"href":"https:\/\/imprimeideas.es\/en\/wp-json\/wp\/v2\/media\/76950"}],"wp:attachment":[{"href":"https:\/\/imprimeideas.es\/en\/wp-json\/wp\/v2\/media?parent=29958"}],"wp:term":[{"taxonomy":"product_brand","embeddable":true,"href":"https:\/\/imprimeideas.es\/en\/wp-json\/wp\/v2\/product_brand?post=29958"},{"taxonomy":"product_cat","embeddable":true,"href":"https:\/\/imprimeideas.es\/en\/wp-json\/wp\/v2\/product_cat?post=29958"},{"taxonomy":"product_tag","embeddable":true,"href":"https:\/\/imprimeideas.es\/en\/wp-json\/wp\/v2\/product_tag?post=29958"}],"curies":[{"name":"wp","href":"https:\/\/api.w.org\/{rel}","templated":true}]}}